{"id":1495,"date":"2021-07-18T15:33:00","date_gmt":"2021-07-18T13:33:00","guid":{"rendered":"https:\/\/lalathings.com\/-\/Home\/?page_id=1495"},"modified":"2025-10-05T19:02:44","modified_gmt":"2025-10-05T17:02:44","slug":"pedagogie","status":"publish","type":"page","link":"https:\/\/lalathings.com\/-\/Home\/pedagogie\/","title":{"rendered":"-p\u00e9dagogie"},"content":{"rendered":"\t\t<div data-elementor-type=\"wp-page\" data-elementor-id=\"1495\" class=\"elementor elementor-1495\" data-elementor-post-type=\"page\">\n\t\t\t\t\t\t<section class=\"elementor-section elementor-top-section elementor-element elementor-element-2a5b344 elementor-section-boxed elementor-section-height-default elementor-section-height-default jltma-glass-effect-no\" data-id=\"2a5b344\" data-element_type=\"section\" data-e-type=\"section\">\n\t\t\t\t\t\t<div class=\"elementor-container elementor-column-gap-default\">\n\t\t\t\t\t<div class=\"elementor-column elementor-col-100 elementor-top-column elementor-element elementor-element-5782aa7 jltma-glass-effect-no\" data-id=\"5782aa7\" data-element_type=\"column\" data-e-type=\"column\">\n\t\t\t<div class=\"elementor-widget-wrap elementor-element-populated\">\n\t\t\t\t\t\t<div class=\"elementor-element elementor-element-d4cbdad jltma-glass-effect-no elementor-widget elementor-widget-heading\" data-id=\"d4cbdad\" data-element_type=\"widget\" data-e-type=\"widget\" data-widget_type=\"heading.default\">\n\t\t\t\t<div class=\"elementor-widget-container\">\n\t\t\t\t\t<h2 class=\"elementor-heading-title elementor-size-default\">Guide Artistique VOcal<\/h2>\t\t\t\t<\/div>\n\t\t\t\t<\/div>\n\t\t\t\t\t<\/div>\n\t\t<\/div>\n\t\t\t\t\t<\/div>\n\t\t<\/section>\n\t\t\t\t<section class=\"elementor-section elementor-top-section elementor-element elementor-element-891ff86 elementor-section-boxed elementor-section-height-default elementor-section-height-default jltma-glass-effect-no\" data-id=\"891ff86\" data-element_type=\"section\" data-e-type=\"section\">\n\t\t\t\t\t\t<div class=\"elementor-container elementor-column-gap-default\">\n\t\t\t\t\t<div class=\"elementor-column elementor-col-100 elementor-top-column elementor-element elementor-element-ccb4a59 jltma-glass-effect-no\" data-id=\"ccb4a59\" data-element_type=\"column\" data-e-type=\"column\">\n\t\t\t<div class=\"elementor-widget-wrap elementor-element-populated\">\n\t\t\t\t\t\t<div class=\"elementor-element elementor-element-7baf8b1 jltma-glass-effect-no elementor-widget elementor-widget-text-editor\" data-id=\"7baf8b1\" data-element_type=\"widget\" data-e-type=\"widget\" data-widget_type=\"text-editor.default\">\n\t\t\t\t<div class=\"elementor-widget-container\">\n\t\t\t\t\t\t\t\t\t<p>Je suis toujours fascin\u00e9 par le regard d\u2019une personne d\u00e9couvrant pour la premi\u00e8re fois ses capacit\u00e9s vocales. Nous vivons dans un monde assourdissant dans lequel il est de bon ton de se taire (d\u2019\u00eatre silencieux). Prendre la parole, pleurer, crier, chanter est pourtant n\u00e9cessaire.<\/p><p>Une fois la voix lib\u00e9r\u00e9e de sa cage, il faut faire l\u2019exp\u00e9rience du rythme, en se connectant \u00e0 son coeur, \u00e0 ses racines. Battre la mesure et enfin rencontrer d\u2019autres voix, unir son chant \u00e0 l\u2019autre.<\/p><p style=\"margin-bottom: 0px;\">Viens alors l\u2019improvisation, la confiance en sa propre voix, l\u2019exp\u00e9rience de l\u2019\u00e9quilibriste pour laisser sa voix \u00eatre ce qu\u2019elle a toujours voulu \u00eatre : <strong>libre<\/strong>.<\/p>\t\t\t\t\t\t\t\t<\/div>\n\t\t\t\t<\/div>\n\t\t\t\t<div class=\"elementor-element elementor-element-7606923 elementor-widget-divider--view-line jltma-glass-effect-no elementor-widget elementor-widget-divider\" data-id=\"7606923\" data-element_type=\"widget\" data-e-type=\"widget\" data-widget_type=\"divider.default\">\n\t\t\t\t<div class=\"elementor-widget-container\">\n\t\t\t\t\t\t\t<div class=\"elementor-divider\">\n\t\t\t<span class=\"elementor-divider-separator\">\n\t\t\t\t\t\t<\/span>\n\t\t<\/div>\n\t\t\t\t\t\t<\/div>\n\t\t\t\t<\/div>\n\t\t\t\t\t<\/div>\n\t\t<\/div>\n\t\t\t\t\t<\/div>\n\t\t<\/section>\n\t\t\t\t<section class=\"elementor-section elementor-top-section elementor-element elementor-element-6451e70 elementor-section-boxed elementor-section-height-default elementor-section-height-default jltma-glass-effect-no\" data-id=\"6451e70\" data-element_type=\"section\" data-e-type=\"section\">\n\t\t\t\t\t\t<div class=\"elementor-container elementor-column-gap-default\">\n\t\t\t\t\t<div class=\"elementor-column elementor-col-100 elementor-top-column elementor-element elementor-element-443b74c jltma-glass-effect-no\" data-id=\"443b74c\" data-element_type=\"column\" data-e-type=\"column\">\n\t\t\t<div class=\"elementor-widget-wrap elementor-element-populated\">\n\t\t\t\t\t\t<div class=\"elementor-element elementor-element-671a290 jltma-glass-effect-no elementor-widget elementor-widget-spacer\" data-id=\"671a290\" data-element_type=\"widget\" data-e-type=\"widget\" data-widget_type=\"spacer.default\">\n\t\t\t\t<div class=\"elementor-widget-container\">\n\t\t\t\t\t\t\t<div class=\"elementor-spacer\">\n\t\t\t<div class=\"elementor-spacer-inner\"><\/div>\n\t\t<\/div>\n\t\t\t\t\t\t<\/div>\n\t\t\t\t<\/div>\n\t\t\t\t\t<\/div>\n\t\t<\/div>\n\t\t\t\t\t<\/div>\n\t\t<\/section>\n\t\t\t\t<section class=\"elementor-section elementor-top-section elementor-element elementor-element-4628b6d elementor-section-boxed elementor-section-height-default elementor-section-height-default jltma-glass-effect-no\" data-id=\"4628b6d\" data-element_type=\"section\" data-e-type=\"section\">\n\t\t\t\t\t\t<div class=\"elementor-container elementor-column-gap-default\">\n\t\t\t\t\t<div class=\"elementor-column elementor-col-50 elementor-top-column elementor-element elementor-element-5e79c4b jltma-glass-effect-no\" data-id=\"5e79c4b\" data-element_type=\"column\" data-e-type=\"column\">\n\t\t\t<div class=\"elementor-widget-wrap elementor-element-populated\">\n\t\t\t\t\t\t<div class=\"elementor-element elementor-element-4709be6 jltma-glass-effect-no elementor-invisible elementor-widget elementor-widget-image\" data-id=\"4709be6\" data-element_type=\"widget\" data-e-type=\"widget\" data-settings=\"{&quot;motion_fx_motion_fx_scrolling&quot;:&quot;yes&quot;,&quot;_animation&quot;:&quot;fadeIn&quot;,&quot;motion_fx_devices&quot;:[&quot;desktop&quot;,&quot;tablet&quot;,&quot;mobile&quot;]}\" data-widget_type=\"image.default\">\n\t\t\t\t<div class=\"elementor-widget-container\">\n\t\t\t\t\t\t\t\t\t\t\t\t\t\t\t\t<a href=\"https:\/\/lalathings.com\/-\/home\/a-la-carte\/\">\n\t\t\t\t\t\t\t<img fetchpriority=\"high\" decoding=\"async\" width=\"940\" height=\"615\" src=\"https:\/\/lalathings.com\/-\/wp-content\/uploads\/2023\/09\/baniere-a-la-carte--1024x670.jpg\" class=\"attachment-large size-large wp-image-2738\" alt=\"\" srcset=\"https:\/\/lalathings.com\/-\/wp-content\/uploads\/2023\/09\/baniere-a-la-carte--1024x670.jpg 1024w, https:\/\/lalathings.com\/-\/wp-content\/uploads\/2023\/09\/baniere-a-la-carte--300x196.jpg 300w, https:\/\/lalathings.com\/-\/wp-content\/uploads\/2023\/09\/baniere-a-la-carte--768x502.jpg 768w, https:\/\/lalathings.com\/-\/wp-content\/uploads\/2023\/09\/baniere-a-la-carte--1536x1005.jpg 1536w, https:\/\/lalathings.com\/-\/wp-content\/uploads\/2023\/09\/baniere-a-la-carte--2048x1339.jpg 2048w\" sizes=\"(max-width: 940px) 100vw, 940px\" \/>\t\t\t\t\t\t\t\t<\/a>\n\t\t\t\t\t\t\t\t\t\t\t\t\t\t\t<\/div>\n\t\t\t\t<\/div>\n\t\t\t\t\t<\/div>\n\t\t<\/div>\n\t\t\t\t<div class=\"elementor-column elementor-col-50 elementor-top-column elementor-element elementor-element-a7a28d5 jltma-glass-effect-no\" data-id=\"a7a28d5\" data-element_type=\"column\" data-e-type=\"column\">\n\t\t\t<div class=\"elementor-widget-wrap elementor-element-populated\">\n\t\t\t\t\t\t<div class=\"elementor-element elementor-element-d85b552 jltma-glass-effect-no elementor-widget elementor-widget-text-editor\" data-id=\"d85b552\" data-element_type=\"widget\" data-e-type=\"widget\" data-widget_type=\"text-editor.default\">\n\t\t\t\t<div class=\"elementor-widget-container\">\n\t\t\t\t\t\t\t\t\t<p>Entrainement vocal en petit groupe, accompagnement de projets artistiques<br \/>Small-group vocal training, support for artistic projects <br \/><a href=\"https:\/\/lalathings.com\/-\/home\/a-la-carte\/\">plus d&rsquo;informations ici &#8211; more information here<\/a><\/p><p>\u00a0<\/p>\t\t\t\t\t\t\t\t<\/div>\n\t\t\t\t<\/div>\n\t\t\t\t<div class=\"elementor-element elementor-element-ed29b34 jltma-glass-effect-no elementor-widget elementor-widget-text-editor\" data-id=\"ed29b34\" data-element_type=\"widget\" data-e-type=\"widget\" data-widget_type=\"text-editor.default\">\n\t\t\t\t<div class=\"elementor-widget-container\">\n\t\t\t\t\t\t\t\t\t<p>I am always fascinated by the look of a person discovering their vocal abilities for the first time. We live in a deafening world where it is fashionable to be silent (preferably). Speaking, crying, shouting, singing is nevertheless necessary.<\/p><p>Once the voice is released from its cage, you have to experience rhythm, the connection to the heart, to the roots. Feel the tempo and finally meet other voices, in unity.<\/p><p>Then comes improvisation with confidence \u2013 the experience of the tightrope walker letting the voice be what she always wanted it to be : <strong>free<\/strong>.<\/p>\t\t\t\t\t\t\t\t<\/div>\n\t\t\t\t<\/div>\n\t\t\t\t<div class=\"elementor-element elementor-element-97bb30f elementor-widget-divider--view-line jltma-glass-effect-no elementor-widget elementor-widget-divider\" data-id=\"97bb30f\" data-element_type=\"widget\" data-e-type=\"widget\" data-widget_type=\"divider.default\">\n\t\t\t\t<div class=\"elementor-widget-container\">\n\t\t\t\t\t\t\t<div class=\"elementor-divider\">\n\t\t\t<span class=\"elementor-divider-separator\">\n\t\t\t\t\t\t<\/span>\n\t\t<\/div>\n\t\t\t\t\t\t<\/div>\n\t\t\t\t<\/div>\n\t\t\t\t\t<\/div>\n\t\t<\/div>\n\t\t\t\t\t<\/div>\n\t\t<\/section>\n\t\t\t\t<section class=\"elementor-section elementor-top-section elementor-element elementor-element-f84327b elementor-section-boxed elementor-section-height-default elementor-section-height-default jltma-glass-effect-no\" data-id=\"f84327b\" data-element_type=\"section\" data-e-type=\"section\">\n\t\t\t\t\t\t<div class=\"elementor-container elementor-column-gap-default\">\n\t\t\t\t\t<div class=\"elementor-column elementor-col-50 elementor-top-column elementor-element elementor-element-8ce3e9c jltma-glass-effect-no\" data-id=\"8ce3e9c\" data-element_type=\"column\" data-e-type=\"column\">\n\t\t\t<div class=\"elementor-widget-wrap elementor-element-populated\">\n\t\t\t\t\t\t<div class=\"elementor-element elementor-element-20acb69 jltma-glass-effect-no elementor-invisible elementor-widget elementor-widget-image\" data-id=\"20acb69\" data-element_type=\"widget\" data-e-type=\"widget\" data-settings=\"{&quot;motion_fx_motion_fx_scrolling&quot;:&quot;yes&quot;,&quot;_animation&quot;:&quot;fadeIn&quot;,&quot;motion_fx_devices&quot;:[&quot;desktop&quot;,&quot;tablet&quot;,&quot;mobile&quot;]}\" data-widget_type=\"image.default\">\n\t\t\t\t<div class=\"elementor-widget-container\">\n\t\t\t\t\t\t\t\t\t\t\t\t\t\t\t\t<a href=\"https:\/\/lalathings.com\/-\/Home\/atelier-de-creation-de-chansons\/\">\n\t\t\t\t\t\t\t<img decoding=\"async\" width=\"940\" height=\"615\" src=\"https:\/\/lalathings.com\/-\/wp-content\/uploads\/2023\/09\/atelier-chanson-1024x670.jpg\" class=\"attachment-large size-large wp-image-2731\" alt=\"\" srcset=\"https:\/\/lalathings.com\/-\/wp-content\/uploads\/2023\/09\/atelier-chanson-1024x670.jpg 1024w, https:\/\/lalathings.com\/-\/wp-content\/uploads\/2023\/09\/atelier-chanson-300x196.jpg 300w, https:\/\/lalathings.com\/-\/wp-content\/uploads\/2023\/09\/atelier-chanson-768x502.jpg 768w, https:\/\/lalathings.com\/-\/wp-content\/uploads\/2023\/09\/atelier-chanson-1536x1005.jpg 1536w, https:\/\/lalathings.com\/-\/wp-content\/uploads\/2023\/09\/atelier-chanson-2048x1339.jpg 2048w\" sizes=\"(max-width: 940px) 100vw, 940px\" \/>\t\t\t\t\t\t\t\t<\/a>\n\t\t\t\t\t\t\t\t\t\t\t\t\t\t\t<\/div>\n\t\t\t\t<\/div>\n\t\t\t\t\t<\/div>\n\t\t<\/div>\n\t\t\t\t<div class=\"elementor-column elementor-col-50 elementor-top-column elementor-element elementor-element-b19bc8a jltma-glass-effect-no\" data-id=\"b19bc8a\" data-element_type=\"column\" data-e-type=\"column\">\n\t\t\t<div class=\"elementor-widget-wrap elementor-element-populated\">\n\t\t\t\t\t\t<div class=\"elementor-element elementor-element-e0b2fa4 jltma-glass-effect-no elementor-widget elementor-widget-text-editor\" data-id=\"e0b2fa4\" data-element_type=\"widget\" data-e-type=\"widget\" data-widget_type=\"text-editor.default\">\n\t\t\t\t<div class=\"elementor-widget-container\">\n\t\t\t\t\t\t\t\t\t<p>S\u00e9ances de cr\u00e9ation de chansons en ligne, aide \u00e0 la composition et r\u00e9alisation de maquettes<br \/>Online songwriting sessions, composition assistance and demo production<br \/><a href=\"https:\/\/lalathings.com\/-\/Home\/atelier-de-creation-de-chansons\/\">plus d&rsquo;informations ici &#8211; more information here<\/a><\/p>\t\t\t\t\t\t\t\t<\/div>\n\t\t\t\t<\/div>\n\t\t\t\t\t<\/div>\n\t\t<\/div>\n\t\t\t\t\t<\/div>\n\t\t<\/section>\n\t\t\t\t<section class=\"elementor-section elementor-top-section elementor-element elementor-element-37d22ad4 elementor-section-boxed elementor-section-height-default elementor-section-height-default jltma-glass-effect-no\" data-id=\"37d22ad4\" data-element_type=\"section\" data-e-type=\"section\">\n\t\t\t\t\t\t<div class=\"elementor-container elementor-column-gap-default\">\n\t\t\t\t\t<div class=\"elementor-column elementor-col-100 elementor-top-column elementor-element elementor-element-6d03cab0 jltma-glass-effect-no\" data-id=\"6d03cab0\" data-element_type=\"column\" data-e-type=\"column\">\n\t\t\t<div class=\"elementor-widget-wrap elementor-element-populated\">\n\t\t\t\t\t\t<div class=\"elementor-element elementor-element-1b415c2 jltma-glass-effect-no elementor-widget elementor-widget-spacer\" data-id=\"1b415c2\" data-element_type=\"widget\" data-e-type=\"widget\" data-widget_type=\"spacer.default\">\n\t\t\t\t<div class=\"elementor-widget-container\">\n\t\t\t\t\t\t\t<div class=\"elementor-spacer\">\n\t\t\t<div class=\"elementor-spacer-inner\"><\/div>\n\t\t<\/div>\n\t\t\t\t\t\t<\/div>\n\t\t\t\t<\/div>\n\t\t\t\t<div class=\"elementor-element elementor-element-5f31fb48 animated-slow jltma-glass-effect-no elementor-invisible elementor-widget elementor-widget-theme-site-logo elementor-widget-image\" data-id=\"5f31fb48\" data-element_type=\"widget\" data-e-type=\"widget\" data-settings=\"{&quot;_animation&quot;:&quot;rotateIn&quot;}\" data-widget_type=\"theme-site-logo.default\">\n\t\t\t\t<div class=\"elementor-widget-container\">\n\t\t\t\t\t\t\t\t\t\t\t<a href=\"https:\/\/lalathings.com\/-\/Home\">\n\t\t\t<img decoding=\"async\" src=\"https:\/\/lalathings.com\/-\/wp-content\/uploads\/elementor\/thumbs\/logo-gris-bababa-100x-100-nefcm1eaub1h373kuifpdgxcv8ellvkruvyhpow47s.png\" title=\"logo gris bababa 100x 100\" alt=\"logo gris bababa 100x 100\" loading=\"lazy\" \/>\t\t\t\t<\/a>\n\t\t\t\t\t\t\t\t\t\t\t<\/div>\n\t\t\t\t<\/div>\n\t\t\t\t\t<\/div>\n\t\t<\/div>\n\t\t\t\t\t<\/div>\n\t\t<\/section>\n\t\t\t\t<section class=\"elementor-section elementor-top-section elementor-element elementor-element-b875bdb elementor-section-boxed elementor-section-height-default elementor-section-height-default jltma-glass-effect-no\" data-id=\"b875bdb\" data-element_type=\"section\" data-e-type=\"section\">\n\t\t\t\t\t\t<div class=\"elementor-container elementor-column-gap-default\">\n\t\t\t\t\t<div class=\"elementor-column elementor-col-100 elementor-top-column elementor-element elementor-element-e3932e9 jltma-glass-effect-no\" data-id=\"e3932e9\" data-element_type=\"column\" data-e-type=\"column\">\n\t\t\t<div class=\"elementor-widget-wrap\">\n\t\t\t\t\t\t\t<\/div>\n\t\t<\/div>\n\t\t\t\t\t<\/div>\n\t\t<\/section>\n\t\t\t\t<\/div>\n\t\t","protected":false},"excerpt":{"rendered":"<p>Guide Artistique VOcal Je suis toujours fascin\u00e9 par le regard d\u2019une personne d\u00e9couvrant pour la premi\u00e8re fois ses capacit\u00e9s vocales. Nous vivons dans un monde assourdissant dans lequel il est de bon ton de se taire (d\u2019\u00eatre silencieux). Prendre la parole, pleurer, crier, chanter est pourtant n\u00e9cessaire. Une fois la voix lib\u00e9r\u00e9e de sa cage, [&hellip;]<\/p>\n","protected":false},"author":1,"featured_media":0,"parent":0,"menu_order":0,"comment_status":"closed","ping_status":"closed","template":"","meta":{"footnotes":""},"class_list":["post-1495","page","type-page","status-publish","hentry"],"_links":{"self":[{"href":"https:\/\/lalathings.com\/-\/Home\/wp-json\/wp\/v2\/pages\/1495","targetHints":{"allow":["GET"]}}],"collection":[{"href":"https:\/\/lalathings.com\/-\/Home\/wp-json\/wp\/v2\/pages"}],"about":[{"href":"https:\/\/lalathings.com\/-\/Home\/wp-json\/wp\/v2\/types\/page"}],"author":[{"embeddable":true,"href":"https:\/\/lalathings.com\/-\/Home\/wp-json\/wp\/v2\/users\/1"}],"replies":[{"embeddable":true,"href":"https:\/\/lalathings.com\/-\/Home\/wp-json\/wp\/v2\/comments?post=1495"}],"version-history":[{"count":238,"href":"https:\/\/lalathings.com\/-\/Home\/wp-json\/wp\/v2\/pages\/1495\/revisions"}],"predecessor-version":[{"id":3693,"href":"https:\/\/lalathings.com\/-\/Home\/wp-json\/wp\/v2\/pages\/1495\/revisions\/3693"}],"wp:attachment":[{"href":"https:\/\/lalathings.com\/-\/Home\/wp-json\/wp\/v2\/media?parent=1495"}],"curies":[{"name":"wp","href":"https:\/\/api.w.org\/{rel}","templated":true}]}}