{"id":1620,"date":"2021-07-18T17:12:25","date_gmt":"2021-07-18T15:12:25","guid":{"rendered":"https:\/\/lalathings.com\/-\/Home\/?page_id=1620"},"modified":"2025-10-29T20:47:13","modified_gmt":"2025-10-29T19:47:13","slug":"bio","status":"publish","type":"page","link":"https:\/\/lalathings.com\/-\/Home\/bio\/","title":{"rendered":"bio"},"content":{"rendered":"\t\t<div data-elementor-type=\"wp-page\" data-elementor-id=\"1620\" class=\"elementor elementor-1620\" data-elementor-post-type=\"page\">\n\t\t\t\t\t\t<section class=\"elementor-section elementor-top-section elementor-element elementor-element-63b0997 elementor-section-boxed elementor-section-height-default elementor-section-height-default jltma-glass-effect-no\" data-id=\"63b0997\" data-element_type=\"section\" data-e-type=\"section\">\n\t\t\t\t\t\t<div class=\"elementor-container elementor-column-gap-default\">\n\t\t\t\t\t<div class=\"elementor-column elementor-col-100 elementor-top-column elementor-element elementor-element-a2155e2 jltma-glass-effect-no\" data-id=\"a2155e2\" data-element_type=\"column\" data-e-type=\"column\">\n\t\t\t<div class=\"elementor-widget-wrap elementor-element-populated\">\n\t\t\t\t\t\t<div class=\"elementor-element elementor-element-47f4167 jltma-glass-effect-no elementor-widget elementor-widget-image\" data-id=\"47f4167\" data-element_type=\"widget\" data-e-type=\"widget\" data-widget_type=\"image.default\">\n\t\t\t\t<div class=\"elementor-widget-container\">\n\t\t\t\t\t\t\t\t\t\t\t\t\t\t\t<img decoding=\"async\" src=\"https:\/\/lalathings.com\/-\/wp-content\/uploads\/2025\/10\/didier.png\" title=\"didier\" alt=\"didier\" loading=\"lazy\" \/>\t\t\t\t\t\t\t\t\t\t\t\t\t\t\t<\/div>\n\t\t\t\t<\/div>\n\t\t\t\t\t<\/div>\n\t\t<\/div>\n\t\t\t\t\t<\/div>\n\t\t<\/section>\n\t\t\t\t<section class=\"elementor-section elementor-top-section elementor-element elementor-element-a908812 elementor-section-boxed elementor-section-height-default elementor-section-height-default jltma-glass-effect-no\" data-id=\"a908812\" data-element_type=\"section\" data-e-type=\"section\">\n\t\t\t\t\t\t<div class=\"elementor-container elementor-column-gap-default\">\n\t\t\t\t\t<div class=\"elementor-column elementor-col-100 elementor-top-column elementor-element elementor-element-87bad3a jltma-glass-effect-no\" data-id=\"87bad3a\" data-element_type=\"column\" data-e-type=\"column\">\n\t\t\t<div class=\"elementor-widget-wrap elementor-element-populated\">\n\t\t\t\t\t\t<div class=\"elementor-element elementor-element-246410c0 jltma-glass-effect-no elementor-widget elementor-widget-heading\" data-id=\"246410c0\" data-element_type=\"widget\" data-e-type=\"widget\" data-widget_type=\"heading.default\">\n\t\t\t\t<div class=\"elementor-widget-container\">\n\t\t\t\t\t<h2 class=\"elementor-heading-title elementor-size-default\">Didier Monge<\/h2>\t\t\t\t<\/div>\n\t\t\t\t<\/div>\n\t\t\t\t<div class=\"elementor-element elementor-element-955ad77 jltma-glass-effect-no elementor-widget elementor-widget-text-editor\" data-id=\"955ad77\" data-element_type=\"widget\" data-e-type=\"widget\" data-widget_type=\"text-editor.default\">\n\t\t\t\t<div class=\"elementor-widget-container\">\n\t\t\t\t\t\t\t\t\t<p data-start=\"312\" data-end=\"465\">Depuis les ann\u00e9es 80, j\u2019ai \u00e9t\u00e9 tour \u00e0 tour choriste, guitariste, pianiste, accompagnateur, preneur de son, arrangeur et professeur de technique vocale.<\/p><p data-start=\"467\" data-end=\"613\">Vocalement, je me suis form\u00e9 aupr\u00e8s du <strong data-start=\"506\" data-end=\"520\">Pantheatre<\/strong> (th\u00e9\u00e2tre chor\u00e9graphique d\u2019Enrique Pardo) et \u00e0 la p\u00e9dagogie de la voix avec <strong data-start=\"596\" data-end=\"610\">Linda Wise<\/strong>.<\/p><p data-start=\"615\" data-end=\"775\"><strong data-start=\"615\" data-end=\"630\"><br \/>P\u00e9dagogue :<\/strong><br data-start=\"630\" data-end=\"633\" \/>J\u2019enseigne la voix, l\u2019improvisation et la polyrythmie dans des \u00e9coles de th\u00e9\u00e2tre, aussi bien pour des professionnels que pour des d\u00e9butants.<\/p><p data-start=\"777\" data-end=\"1411\"><strong data-start=\"777\" data-end=\"794\"><br \/>Guide vocal :<\/strong><br data-start=\"794\" data-end=\"797\" \/>J\u2019accompagne des com\u00e9dien\u00b7nes et chanteur\u00b7ses dans la d\u00e9couverte et l\u2019affinement de leur voix, toujours en lien avec le corps et la sc\u00e8ne.<br data-start=\"935\" data-end=\"938\" \/>Je cerne rapidement les besoins de chacun\u00b7e et propose des outils simples et efficaces, qu\u2019il s\u2019agisse de travailler un solo, des ch\u0153urs ou de cr\u00e9er des paysages sonores.<br data-start=\"1108\" data-end=\"1111\" \/>Mon approche, \u00e0 la fois technique et cr\u00e9ative, permet d\u2019explorer toutes les nuances vocales \u2014 de l\u2019\u00e9chauffement \u00e0 l\u2019interpr\u00e9tation dramatique.<br data-start=\"1253\" data-end=\"1256\" \/>Attentif, p\u00e9dagogue et inventif, je cherche \u00e0 renforcer la confiance, ouvrir des espaces d\u2019exp\u00e9rimentation et r\u00e9v\u00e9ler le potentiel unique de chaque voix.<\/p><p data-start=\"1413\" data-end=\"1693\"><strong data-start=\"1413\" data-end=\"1440\"><br \/>Productions musicales :<\/strong><br data-start=\"1440\" data-end=\"1443\" \/>J\u2019accompagne des artistes chanteurs dans la r\u00e9alisation de leur projet musical : arrangements, programmation, choeurs enregistrements et mixages de leurs chansons dans mon studio d&rsquo;enregistrement.<br data-start=\"1598\" data-end=\"1601\" \/>Je compose \u00e9galement des musiques \u00e0 la demande pour des cr\u00e9ations th\u00e9\u00e2trales ou des films.<\/p><p data-start=\"1695\" data-end=\"1829\"><strong data-start=\"1695\" data-end=\"1714\"><br \/>Mes cr\u00e9ations :<\/strong><br data-start=\"1714\" data-end=\"1717\" \/>Sous le nom <strong data-start=\"1729\" data-end=\"1743\">Lalathings<\/strong>, je r\u00e9alise mes propres chansons et un spectacle autour de <strong data-start=\"1803\" data-end=\"1826\">la Sibylle de Cumes<\/strong>.<br \/><br \/><\/p><p data-start=\"1695\" data-end=\"1829\">\u00a0<\/p><p><strong>Photographe<\/strong> :<\/p><p>Je fais des images pour mettre en lumi\u00e8re des moments d\u2019intimit\u00e9. Les laboratoires, les r\u00e9p\u00e9titions et les performances artistiques me permettent de t\u00e9moigner et de r\u00e9v\u00e9ler des moments uniques de profondeur et de vuln\u00e9rabilit\u00e9 .\u00a0<\/p>\t\t\t\t\t\t\t\t<\/div>\n\t\t\t\t<\/div>\n\t\t\t\t<div class=\"elementor-element elementor-element-1818039 elementor-widget-divider--view-line jltma-glass-effect-no elementor-widget elementor-widget-divider\" data-id=\"1818039\" data-element_type=\"widget\" data-e-type=\"widget\" data-widget_type=\"divider.default\">\n\t\t\t\t<div class=\"elementor-widget-container\">\n\t\t\t\t\t\t\t<div class=\"elementor-divider\">\n\t\t\t<span class=\"elementor-divider-separator\">\n\t\t\t\t\t\t<\/span>\n\t\t<\/div>\n\t\t\t\t\t\t<\/div>\n\t\t\t\t<\/div>\n\t\t\t\t<div class=\"elementor-element elementor-element-cad35f6 jltma-glass-effect-no elementor-widget elementor-widget-heading\" data-id=\"cad35f6\" data-element_type=\"widget\" data-e-type=\"widget\" data-widget_type=\"heading.default\">\n\t\t\t\t<div class=\"elementor-widget-container\">\n\t\t\t\t\t<h2 class=\"elementor-heading-title elementor-size-default\">\u00ab Je suis n\u00e9 hier\u2026 \u00bb<br data-start=\"1853\" data-end=\"1856\">Chaque seconde est une renaissance.<\/h2>\t\t\t\t<\/div>\n\t\t\t\t<\/div>\n\t\t\t\t\t<\/div>\n\t\t<\/div>\n\t\t\t\t\t<\/div>\n\t\t<\/section>\n\t\t\t\t<section class=\"elementor-section elementor-top-section elementor-element elementor-element-c1c126d elementor-section-boxed elementor-section-height-default elementor-section-height-default jltma-glass-effect-no\" data-id=\"c1c126d\" data-element_type=\"section\" data-e-type=\"section\">\n\t\t\t\t\t\t<div class=\"elementor-container elementor-column-gap-default\">\n\t\t\t\t\t<div class=\"elementor-column elementor-col-100 elementor-top-column elementor-element elementor-element-1d77cdcc jltma-glass-effect-no\" data-id=\"1d77cdcc\" data-element_type=\"column\" data-e-type=\"column\">\n\t\t\t<div class=\"elementor-widget-wrap elementor-element-populated\">\n\t\t\t\t\t\t<div class=\"elementor-element elementor-element-83b2d49 jltma-glass-effect-no elementor-widget elementor-widget-spacer\" data-id=\"83b2d49\" data-element_type=\"widget\" data-e-type=\"widget\" data-widget_type=\"spacer.default\">\n\t\t\t\t<div class=\"elementor-widget-container\">\n\t\t\t\t\t\t\t<div class=\"elementor-spacer\">\n\t\t\t<div class=\"elementor-spacer-inner\"><\/div>\n\t\t<\/div>\n\t\t\t\t\t\t<\/div>\n\t\t\t\t<\/div>\n\t\t\t\t\t<\/div>\n\t\t<\/div>\n\t\t\t\t\t<\/div>\n\t\t<\/section>\n\t\t\t\t<section class=\"elementor-section elementor-top-section elementor-element elementor-element-5096fbf0 elementor-section-boxed elementor-section-height-default elementor-section-height-default jltma-glass-effect-no\" data-id=\"5096fbf0\" data-element_type=\"section\" data-e-type=\"section\">\n\t\t\t\t\t\t<div class=\"elementor-container elementor-column-gap-default\">\n\t\t\t\t\t<div class=\"elementor-column elementor-col-100 elementor-top-column elementor-element elementor-element-b731313 jltma-glass-effect-no\" data-id=\"b731313\" data-element_type=\"column\" data-e-type=\"column\">\n\t\t\t<div class=\"elementor-widget-wrap elementor-element-populated\">\n\t\t\t\t\t\t<div class=\"elementor-element elementor-element-72e2b6ba animated-slow jltma-glass-effect-no elementor-invisible elementor-widget elementor-widget-theme-site-logo elementor-widget-image\" data-id=\"72e2b6ba\" data-element_type=\"widget\" data-e-type=\"widget\" data-settings=\"{&quot;_animation&quot;:&quot;rotateIn&quot;}\" data-widget_type=\"theme-site-logo.default\">\n\t\t\t\t<div class=\"elementor-widget-container\">\n\t\t\t\t\t\t\t\t\t\t\t<a href=\"https:\/\/lalathings.com\/-\/Home\">\n\t\t\t<img decoding=\"async\" src=\"https:\/\/lalathings.com\/-\/wp-content\/uploads\/elementor\/thumbs\/logo-gris-bababa-100x-100-nefcm1eaub1h373kuifpdgxcv8ellvkruvyhpow47s.png\" title=\"logo gris bababa 100x 100\" alt=\"logo gris bababa 100x 100\" loading=\"lazy\" \/>\t\t\t\t<\/a>\n\t\t\t\t\t\t\t\t\t\t\t<\/div>\n\t\t\t\t<\/div>\n\t\t\t\t\t<\/div>\n\t\t<\/div>\n\t\t\t\t\t<\/div>\n\t\t<\/section>\n\t\t\t\t<\/div>\n\t\t","protected":false},"excerpt":{"rendered":"<p>Didier Monge Depuis les ann\u00e9es 80, j\u2019ai \u00e9t\u00e9 tour \u00e0 tour choriste, guitariste, pianiste, accompagnateur, preneur de son, arrangeur et professeur de technique vocale. Vocalement, je me suis form\u00e9 aupr\u00e8s du Pantheatre (th\u00e9\u00e2tre chor\u00e9graphique d\u2019Enrique Pardo) et \u00e0 la p\u00e9dagogie de la voix avec Linda Wise. P\u00e9dagogue :J\u2019enseigne la voix, l\u2019improvisation et la polyrythmie dans [&hellip;]<\/p>\n","protected":false},"author":1,"featured_media":0,"parent":0,"menu_order":0,"comment_status":"closed","ping_status":"closed","template":"","meta":{"footnotes":""},"class_list":["post-1620","page","type-page","status-publish","hentry"],"_links":{"self":[{"href":"https:\/\/lalathings.com\/-\/Home\/wp-json\/wp\/v2\/pages\/1620","targetHints":{"allow":["GET"]}}],"collection":[{"href":"https:\/\/lalathings.com\/-\/Home\/wp-json\/wp\/v2\/pages"}],"about":[{"href":"https:\/\/lalathings.com\/-\/Home\/wp-json\/wp\/v2\/types\/page"}],"author":[{"embeddable":true,"href":"https:\/\/lalathings.com\/-\/Home\/wp-json\/wp\/v2\/users\/1"}],"replies":[{"embeddable":true,"href":"https:\/\/lalathings.com\/-\/Home\/wp-json\/wp\/v2\/comments?post=1620"}],"version-history":[{"count":66,"href":"https:\/\/lalathings.com\/-\/Home\/wp-json\/wp\/v2\/pages\/1620\/revisions"}],"predecessor-version":[{"id":3860,"href":"https:\/\/lalathings.com\/-\/Home\/wp-json\/wp\/v2\/pages\/1620\/revisions\/3860"}],"wp:attachment":[{"href":"https:\/\/lalathings.com\/-\/Home\/wp-json\/wp\/v2\/media?parent=1620"}],"curies":[{"name":"wp","href":"https:\/\/api.w.org\/{rel}","templated":true}]}}