{"id":2292,"date":"2021-09-27T23:25:59","date_gmt":"2021-09-27T21:25:59","guid":{"rendered":"https:\/\/lalathings.com\/-\/Home\/?page_id=2292"},"modified":"2025-10-05T22:36:12","modified_gmt":"2025-10-05T20:36:12","slug":"mes-creations-clouds-and-light","status":"publish","type":"page","link":"https:\/\/lalathings.com\/-\/Home\/mes-creations-clouds-and-light\/","title":{"rendered":"Mes cr\u00e9ations &#8211; Clouds and Light"},"content":{"rendered":"\t\t<div data-elementor-type=\"wp-page\" data-elementor-id=\"2292\" class=\"elementor elementor-2292\" data-elementor-post-type=\"page\">\n\t\t\t\t\t\t<section class=\"elementor-section elementor-top-section elementor-element elementor-element-cd00424 elementor-section-boxed elementor-section-height-default elementor-section-height-default jltma-glass-effect-no\" data-id=\"cd00424\" data-element_type=\"section\" data-e-type=\"section\">\n\t\t\t\t\t\t<div class=\"elementor-container elementor-column-gap-default\">\n\t\t\t\t\t<div class=\"elementor-column elementor-col-100 elementor-top-column elementor-element elementor-element-c476595 jltma-glass-effect-no\" data-id=\"c476595\" data-element_type=\"column\" data-e-type=\"column\">\n\t\t\t<div class=\"elementor-widget-wrap elementor-element-populated\">\n\t\t\t\t\t\t<div class=\"elementor-element elementor-element-bdbc340 jltma-glass-effect-no elementor-widget elementor-widget-heading\" data-id=\"bdbc340\" data-element_type=\"widget\" data-e-type=\"widget\" data-widget_type=\"heading.default\">\n\t\t\t\t<div class=\"elementor-widget-container\">\n\t\t\t\t\t<h2 class=\"elementor-heading-title elementor-size-default\">The Clouds and Light Project<\/h2>\t\t\t\t<\/div>\n\t\t\t\t<\/div>\n\t\t\t\t<div class=\"elementor-element elementor-element-07f6e58 jltma-glass-effect-no elementor-widget elementor-widget-heading\" data-id=\"07f6e58\" data-element_type=\"widget\" data-e-type=\"widget\" data-widget_type=\"heading.default\">\n\t\t\t\t<div class=\"elementor-widget-container\">\n\t\t\t\t\t<h2 class=\"elementor-heading-title elementor-size-default\">Les chansons de Lalathings<\/h2>\t\t\t\t<\/div>\n\t\t\t\t<\/div>\n\t\t\t\t<div class=\"elementor-element elementor-element-e319629 jltma-glass-effect-no elementor-widget elementor-widget-spacer\" data-id=\"e319629\" data-element_type=\"widget\" data-e-type=\"widget\" data-widget_type=\"spacer.default\">\n\t\t\t\t<div class=\"elementor-widget-container\">\n\t\t\t\t\t\t\t<div class=\"elementor-spacer\">\n\t\t\t<div class=\"elementor-spacer-inner\"><\/div>\n\t\t<\/div>\n\t\t\t\t\t\t<\/div>\n\t\t\t\t<\/div>\n\t\t\t\t\t<\/div>\n\t\t<\/div>\n\t\t\t\t\t<\/div>\n\t\t<\/section>\n\t\t\t\t<section class=\"elementor-section elementor-top-section elementor-element elementor-element-6911770 elementor-section-boxed elementor-section-height-default elementor-section-height-default jltma-glass-effect-no\" data-id=\"6911770\" data-element_type=\"section\" data-e-type=\"section\">\n\t\t\t\t\t\t<div class=\"elementor-container elementor-column-gap-default\">\n\t\t\t\t\t<div class=\"elementor-column elementor-col-50 elementor-top-column elementor-element elementor-element-140a717 jltma-glass-effect-no\" data-id=\"140a717\" data-element_type=\"column\" data-e-type=\"column\">\n\t\t\t<div class=\"elementor-widget-wrap elementor-element-populated\">\n\t\t\t\t\t\t<div class=\"elementor-element elementor-element-021ccc6 animated-slow jltma-glass-effect-no elementor-invisible elementor-widget elementor-widget-image\" data-id=\"021ccc6\" data-element_type=\"widget\" data-e-type=\"widget\" data-settings=\"{&quot;_animation&quot;:&quot;slideInLeft&quot;,&quot;_animation_delay&quot;:10}\" data-widget_type=\"image.default\">\n\t\t\t\t<div class=\"elementor-widget-container\">\n\t\t\t\t\t\t\t\t\t\t\t\t\t\t\t<img fetchpriority=\"high\" decoding=\"async\" width=\"1000\" height=\"1200\" src=\"https:\/\/lalathings.com\/-\/wp-content\/uploads\/2017\/09\/Yate-Artwork-20170826222729_instant-e1505812173227.jpg\" class=\"attachment-full size-full wp-image-310\" alt=\"\" srcset=\"https:\/\/lalathings.com\/-\/wp-content\/uploads\/2017\/09\/Yate-Artwork-20170826222729_instant-e1505812173227.jpg 1000w, https:\/\/lalathings.com\/-\/wp-content\/uploads\/2017\/09\/Yate-Artwork-20170826222729_instant-e1505812173227-600x720.jpg 600w\" sizes=\"(max-width: 1000px) 100vw, 1000px\" \/>\t\t\t\t\t\t\t\t\t\t\t\t\t\t\t<\/div>\n\t\t\t\t<\/div>\n\t\t\t\t\t<\/div>\n\t\t<\/div>\n\t\t\t\t<div class=\"elementor-column elementor-col-50 elementor-top-column elementor-element elementor-element-558f6a4 jltma-glass-effect-no\" data-id=\"558f6a4\" data-element_type=\"column\" data-e-type=\"column\">\n\t\t\t<div class=\"elementor-widget-wrap elementor-element-populated\">\n\t\t\t\t\t\t<div class=\"elementor-element elementor-element-92c35b7 animated-slow jltma-glass-effect-no elementor-invisible elementor-widget elementor-widget-text-editor\" data-id=\"92c35b7\" data-element_type=\"widget\" data-e-type=\"widget\" data-settings=\"{&quot;_animation&quot;:&quot;fadeIn&quot;,&quot;_animation_delay&quot;:10}\" data-widget_type=\"text-editor.default\">\n\t\t\t\t<div class=\"elementor-widget-container\">\n\t\t\t\t\t\t\t\t\t<p>J\u2019ai demand\u00e9 \u00e0 <strong><a href=\"http:\/\/lia pas heart\">Lia Pas<\/a> et\u00a0\u00a0 <a href=\"https:\/\/www.facebook.com\/nicolahardmanmusic\">Nicola Hardman <\/a><\/strong>d\u2019\u00e9crire des textes que je mettrais en musique, chanterais, r\u00e9aliserais. Elles ont accept\u00e9 de participer. Une fa\u00e7on \u00e9l\u00e9gante et d\u00e9licate de me glisser derri\u00e8re un micro, et de porter la voix d\u2019une femme, d\u2019une future m\u00e8re, d\u2019un \u00eatre humain, d\u2019une soeur, d\u2019une amie\u2026.<\/p><p>Nous avons travaill\u00e9 ensemble vocalement au sein du\u00a0<a style=\"margin-bottom: 0px;\" href=\"https:\/\/www.pantheatre.com\/\">Pantheatre<\/a>\u00a0et je vous invite \u00e0 d\u00e9couvrir leurs parcours respectifs passionnants.<\/p><p>Cela reste mon fil rouge bien que d\u00e9sir\u00e9 en 1977 et d\u00e9but\u00e9 en 2011 ; il met en lueur ma lenteur l\u00e9gendaire\u2026<\/p><p style=\"margin-bottom: 0px;\">En ligne sur toutes les bonnes plateformes et hop !<\/p>\t\t\t\t\t\t\t\t<\/div>\n\t\t\t\t<\/div>\n\t\t\t\t<div class=\"elementor-element elementor-element-fb53192 jltma-glass-effect-no elementor-widget elementor-widget-heading\" data-id=\"fb53192\" data-element_type=\"widget\" data-e-type=\"widget\" data-widget_type=\"heading.default\">\n\t\t\t\t<div class=\"elementor-widget-container\">\n\t\t\t\t\t<h2 class=\"elementor-heading-title elementor-size-default\"><a href=\"https:\/\/distrokid.com\/hyperfollow\/lalathings\/why-i-want-you\">Hyperfollow me !<\/a><\/h2>\t\t\t\t<\/div>\n\t\t\t\t<\/div>\n\t\t\t\t\t<\/div>\n\t\t<\/div>\n\t\t\t\t\t<\/div>\n\t\t<\/section>\n\t\t\t\t<section class=\"elementor-section elementor-top-section elementor-element elementor-element-67034579 elementor-section-boxed elementor-section-height-default elementor-section-height-default jltma-glass-effect-no\" data-id=\"67034579\" data-element_type=\"section\" data-e-type=\"section\">\n\t\t\t\t\t\t<div class=\"elementor-container elementor-column-gap-default\">\n\t\t\t\t\t<div class=\"elementor-column elementor-col-100 elementor-top-column elementor-element elementor-element-6bfaacfe jltma-glass-effect-no\" data-id=\"6bfaacfe\" data-element_type=\"column\" data-e-type=\"column\">\n\t\t\t<div class=\"elementor-widget-wrap elementor-element-populated\">\n\t\t\t\t\t\t<div class=\"elementor-element elementor-element-1460e9db animated-slow jltma-glass-effect-no elementor-invisible elementor-widget elementor-widget-theme-site-logo elementor-widget-image\" data-id=\"1460e9db\" data-element_type=\"widget\" data-e-type=\"widget\" data-settings=\"{&quot;_animation&quot;:&quot;rotateIn&quot;}\" data-widget_type=\"theme-site-logo.default\">\n\t\t\t\t<div class=\"elementor-widget-container\">\n\t\t\t\t\t\t\t\t\t\t\t<a href=\"https:\/\/lalathings.com\/-\/Home\">\n\t\t\t<img decoding=\"async\" src=\"https:\/\/lalathings.com\/-\/wp-content\/uploads\/elementor\/thumbs\/logo-gris-bababa-100x-100-nefcm1eaub1h373kuifpdgxcv8ellvkruvyhpow47s.png\" title=\"logo gris bababa 100x 100\" alt=\"logo gris bababa 100x 100\" loading=\"lazy\" \/>\t\t\t\t<\/a>\n\t\t\t\t\t\t\t\t\t\t\t<\/div>\n\t\t\t\t<\/div>\n\t\t\t\t\t<\/div>\n\t\t<\/div>\n\t\t\t\t\t<\/div>\n\t\t<\/section>\n\t\t\t\t<section class=\"elementor-section elementor-top-section elementor-element elementor-element-0f23549 elementor-section-boxed elementor-section-height-default elementor-section-height-default jltma-glass-effect-no\" data-id=\"0f23549\" data-element_type=\"section\" data-e-type=\"section\">\n\t\t\t\t\t\t<div class=\"elementor-container elementor-column-gap-default\">\n\t\t\t\t\t<div class=\"elementor-column elementor-col-100 elementor-top-column elementor-element elementor-element-7625cd7 jltma-glass-effect-no\" data-id=\"7625cd7\" data-element_type=\"column\" data-e-type=\"column\">\n\t\t\t<div class=\"elementor-widget-wrap elementor-element-populated\">\n\t\t\t\t\t\t<div class=\"elementor-element elementor-element-d720f5a jltma-glass-effect-no elementor-widget elementor-widget-spacer\" data-id=\"d720f5a\" data-element_type=\"widget\" data-e-type=\"widget\" data-widget_type=\"spacer.default\">\n\t\t\t\t<div class=\"elementor-widget-container\">\n\t\t\t\t\t\t\t<div class=\"elementor-spacer\">\n\t\t\t<div class=\"elementor-spacer-inner\"><\/div>\n\t\t<\/div>\n\t\t\t\t\t\t<\/div>\n\t\t\t\t<\/div>\n\t\t\t\t\t<\/div>\n\t\t<\/div>\n\t\t\t\t\t<\/div>\n\t\t<\/section>\n\t\t\t\t<\/div>\n\t\t","protected":false},"excerpt":{"rendered":"<p>The Clouds and Light Project Les chansons de Lalathings J\u2019ai demand\u00e9 \u00e0 Lia Pas et\u00a0\u00a0 Nicola Hardman d\u2019\u00e9crire des textes que je mettrais en musique, chanterais, r\u00e9aliserais. Elles ont accept\u00e9 de participer. Une fa\u00e7on \u00e9l\u00e9gante et d\u00e9licate de me glisser derri\u00e8re un micro, et de porter la voix d\u2019une femme, d\u2019une future m\u00e8re, d\u2019un \u00eatre [&hellip;]<\/p>\n","protected":false},"author":1,"featured_media":0,"parent":0,"menu_order":0,"comment_status":"closed","ping_status":"closed","template":"","meta":{"footnotes":""},"class_list":["post-2292","page","type-page","status-publish","hentry"],"_links":{"self":[{"href":"https:\/\/lalathings.com\/-\/Home\/wp-json\/wp\/v2\/pages\/2292","targetHints":{"allow":["GET"]}}],"collection":[{"href":"https:\/\/lalathings.com\/-\/Home\/wp-json\/wp\/v2\/pages"}],"about":[{"href":"https:\/\/lalathings.com\/-\/Home\/wp-json\/wp\/v2\/types\/page"}],"author":[{"embeddable":true,"href":"https:\/\/lalathings.com\/-\/Home\/wp-json\/wp\/v2\/users\/1"}],"replies":[{"embeddable":true,"href":"https:\/\/lalathings.com\/-\/Home\/wp-json\/wp\/v2\/comments?post=2292"}],"version-history":[{"count":40,"href":"https:\/\/lalathings.com\/-\/Home\/wp-json\/wp\/v2\/pages\/2292\/revisions"}],"predecessor-version":[{"id":3828,"href":"https:\/\/lalathings.com\/-\/Home\/wp-json\/wp\/v2\/pages\/2292\/revisions\/3828"}],"wp:attachment":[{"href":"https:\/\/lalathings.com\/-\/Home\/wp-json\/wp\/v2\/media?parent=2292"}],"curies":[{"name":"wp","href":"https:\/\/api.w.org\/{rel}","templated":true}]}}