{"id":2328,"date":"2021-09-27T23:53:16","date_gmt":"2021-09-27T21:53:16","guid":{"rendered":"https:\/\/lalathings.com\/-\/Home\/?page_id=2328"},"modified":"2025-12-22T19:34:53","modified_gmt":"2025-12-22T18:34:53","slug":"mes-creations-la-voix-et-la-sibylle","status":"publish","type":"page","link":"https:\/\/lalathings.com\/-\/Home\/mes-creations-la-voix-et-la-sibylle\/","title":{"rendered":"Mes cr\u00e9ations &#8211; La Voix et la Sibylle"},"content":{"rendered":"\t\t<div data-elementor-type=\"wp-page\" data-elementor-id=\"2328\" class=\"elementor elementor-2328\" data-elementor-post-type=\"page\">\n\t\t\t\t\t\t<section class=\"elementor-section elementor-top-section elementor-element elementor-element-cd00424 elementor-section-boxed elementor-section-height-default elementor-section-height-default jltma-glass-effect-no\" data-id=\"cd00424\" data-element_type=\"section\" data-e-type=\"section\">\n\t\t\t\t\t\t<div class=\"elementor-container elementor-column-gap-default\">\n\t\t\t\t\t<div class=\"elementor-column elementor-col-100 elementor-top-column elementor-element elementor-element-c476595 jltma-glass-effect-no\" data-id=\"c476595\" data-element_type=\"column\" data-e-type=\"column\">\n\t\t\t<div class=\"elementor-widget-wrap elementor-element-populated\">\n\t\t\t\t\t\t<div class=\"elementor-element elementor-element-bdbc340 jltma-glass-effect-no elementor-widget elementor-widget-heading\" data-id=\"bdbc340\" data-element_type=\"widget\" data-e-type=\"widget\" data-widget_type=\"heading.default\">\n\t\t\t\t<div class=\"elementor-widget-container\">\n\t\t\t\t\t<h2 class=\"elementor-heading-title elementor-size-default\">La Voix et la Sibylle<\/h2>\t\t\t\t<\/div>\n\t\t\t\t<\/div>\n\t\t\t\t<div class=\"elementor-element elementor-element-e319629 jltma-glass-effect-no elementor-widget elementor-widget-spacer\" data-id=\"e319629\" data-element_type=\"widget\" data-e-type=\"widget\" data-widget_type=\"spacer.default\">\n\t\t\t\t<div class=\"elementor-widget-container\">\n\t\t\t\t\t\t\t<div class=\"elementor-spacer\">\n\t\t\t<div class=\"elementor-spacer-inner\"><\/div>\n\t\t<\/div>\n\t\t\t\t\t\t<\/div>\n\t\t\t\t<\/div>\n\t\t\t\t\t<\/div>\n\t\t<\/div>\n\t\t\t\t\t<\/div>\n\t\t<\/section>\n\t\t\t\t<section class=\"elementor-section elementor-top-section elementor-element elementor-element-6911770 elementor-section-boxed elementor-section-height-default elementor-section-height-default jltma-glass-effect-no\" data-id=\"6911770\" data-element_type=\"section\" data-e-type=\"section\">\n\t\t\t\t\t\t<div class=\"elementor-container elementor-column-gap-default\">\n\t\t\t\t\t<div class=\"elementor-column elementor-col-50 elementor-top-column elementor-element elementor-element-140a717 jltma-glass-effect-no\" data-id=\"140a717\" data-element_type=\"column\" data-e-type=\"column\">\n\t\t\t<div class=\"elementor-widget-wrap elementor-element-populated\">\n\t\t\t\t\t\t<div class=\"elementor-element elementor-element-021ccc6 animated-slow elementor-widget__width-initial jltma-glass-effect-no elementor-invisible elementor-widget elementor-widget-image\" data-id=\"021ccc6\" data-element_type=\"widget\" data-e-type=\"widget\" data-settings=\"{&quot;_animation&quot;:&quot;slideInLeft&quot;,&quot;_animation_delay&quot;:10}\" data-widget_type=\"image.default\">\n\t\t\t\t<div class=\"elementor-widget-container\">\n\t\t\t\t\t\t\t\t\t\t\t\t\t\t\t<img fetchpriority=\"high\" decoding=\"async\" width=\"2133\" height=\"2560\" src=\"https:\/\/lalathings.com\/-\/wp-content\/uploads\/2021\/09\/P1560166-RW2_instant-scaled.jpg\" class=\"attachment-full size-full wp-image-2324\" alt=\"\" srcset=\"https:\/\/lalathings.com\/-\/wp-content\/uploads\/2021\/09\/P1560166-RW2_instant-scaled.jpg 2133w, https:\/\/lalathings.com\/-\/wp-content\/uploads\/2021\/09\/P1560166-RW2_instant-250x300.jpg 250w, https:\/\/lalathings.com\/-\/wp-content\/uploads\/2021\/09\/P1560166-RW2_instant-853x1024.jpg 853w, https:\/\/lalathings.com\/-\/wp-content\/uploads\/2021\/09\/P1560166-RW2_instant-768x922.jpg 768w, https:\/\/lalathings.com\/-\/wp-content\/uploads\/2021\/09\/P1560166-RW2_instant-1280x1536.jpg 1280w, https:\/\/lalathings.com\/-\/wp-content\/uploads\/2021\/09\/P1560166-RW2_instant-1707x2048.jpg 1707w\" sizes=\"(max-width: 2133px) 100vw, 2133px\" \/>\t\t\t\t\t\t\t\t\t\t\t\t\t\t\t<\/div>\n\t\t\t\t<\/div>\n\t\t\t\t<div class=\"elementor-element elementor-element-ec2ffd4 jltma-glass-effect-no elementor-widget elementor-widget-text-editor\" data-id=\"ec2ffd4\" data-element_type=\"widget\" data-e-type=\"widget\" data-widget_type=\"text-editor.default\">\n\t\t\t\t<div class=\"elementor-widget-container\">\n\t\t\t\t\t\t\t\t\t<p>Seul en sc\u00e8ne de <strong>Didier Monge<br \/>Premi\u00e8re le mercredi 23 juin 2021 \u00e0 Mal\u00e9rargues, pendant le Festival Mythe et Th\u00e9\u00e2tre<\/strong><br \/>Mise en sc\u00e8ne : <a href=\"https:\/\/pantheatre.com\/-\/f-linda-wise\/\"><strong>Linda Wise<\/strong><\/a><br \/>Aide \u00e0 la cr\u00e9ation : <a href=\"https:\/\/helenelarrode.com\/\"><strong>H\u00e9l\u00e8ne Larrod\u00e9<\/strong><\/a><br \/>Oeil ext\u00e9rieur : <a href=\"https:\/\/pantheatre.com\/-\/f-enrique-pardo\/\"><strong>Enrique Pardo<\/strong><\/a><br \/>Textes emprunt\u00e9s \u00e0\u00a0 : Louise Garcia-joly &#8211; Ad\u00e9la\u00efde Bon &#8211; Waris Dirie &#8211; Paola Daniele &#8211; Rupi Kaur &#8211; Kate Bush &#8211; Iron and Wine<\/p>\t\t\t\t\t\t\t\t<\/div>\n\t\t\t\t<\/div>\n\t\t\t\t\t<\/div>\n\t\t<\/div>\n\t\t\t\t<div class=\"elementor-column elementor-col-50 elementor-top-column elementor-element elementor-element-558f6a4 jltma-glass-effect-no\" data-id=\"558f6a4\" data-element_type=\"column\" data-e-type=\"column\">\n\t\t\t<div class=\"elementor-widget-wrap elementor-element-populated\">\n\t\t\t\t\t\t<div class=\"elementor-element elementor-element-8e3b1d4 jltma-glass-effect-no elementor-widget elementor-widget-heading\" data-id=\"8e3b1d4\" data-element_type=\"widget\" data-e-type=\"widget\" data-widget_type=\"heading.default\">\n\t\t\t\t<div class=\"elementor-widget-container\">\n\t\t\t\t\t<h2 class=\"elementor-heading-title elementor-size-default\">La Sibylle<\/h2>\t\t\t\t<\/div>\n\t\t\t\t<\/div>\n\t\t\t\t<div class=\"elementor-element elementor-element-92c35b7 animated-slow jltma-glass-effect-no elementor-invisible elementor-widget elementor-widget-text-editor\" data-id=\"92c35b7\" data-element_type=\"widget\" data-e-type=\"widget\" data-settings=\"{&quot;_animation&quot;:&quot;fadeIn&quot;,&quot;_animation_delay&quot;:10}\" data-widget_type=\"text-editor.default\">\n\t\t\t\t<div class=\"elementor-widget-container\">\n\t\t\t\t\t\t\t\t\t<p>faisait des proph\u00e9ties et donnait des divinations dans son antre. Elle \u00e9tait la Voix des Dieux, leur porte-parole. Ces Oracles ont fini par d\u00e9ranger les \u00ab\u00a0P\u00e8res de l\u2019\u00e9glise\u00a0\u00bb qui l\u2019ont fait taire\u2026 comme plus tard ils br\u00fbleront les sorci\u00e8res et effaceront toute cette connaissance transmise par les femmes \u00bb<br \/>L\u2019Histoire de la <strong>Sibylle de Cumes<\/strong> m\u2019a troubl\u00e9e et j\u2019ai voulu dans cette performance <strong>lui redonner sa Voix en lui pr\u00eatant la mienne<\/strong>.<\/p><p>De quoi parlerait-elle si nous pouvions la consulter aujourd\u2019hui ? A travers des \u00e9crits de femmes, je lui donne l\u2019occasion de reprendre la parole.<\/p><p>Sur sc\u00e8ne des images d\u00e9filent, \u00e0 droite un laboratoire, \u00e0 gauche un oratoire, pour que l\u2019alchimie op\u00e8re le spectateur doit accepter d\u2019entendre ces textes racontant des violences entrecoup\u00e9s d\u2019improvisations vocales et de chansons. La Voix ira m\u00eame jusqu\u2019\u00e0 se glisser dans la robe de la Sibylle pour parler du sang menstruel, seul sang non issu de violence.<\/p><p>Cette performance est gratuite et n&rsquo;est faite que pour g\u00e9n\u00e9rer une prise de conscience et des d\u00e9bats \u00e0 propos des violences faites aux femmes.<\/p>\t\t\t\t\t\t\t\t<\/div>\n\t\t\t\t<\/div>\n\t\t\t\t<div class=\"elementor-element elementor-element-8159fc2 elementor-blockquote--skin-boxed jltma-glass-effect-no elementor-widget elementor-widget-blockquote\" data-id=\"8159fc2\" data-element_type=\"widget\" data-e-type=\"widget\" data-widget_type=\"blockquote.default\">\n\t\t\t\t<div class=\"elementor-widget-container\">\n\t\t\t\t\t\t\t<blockquote class=\"elementor-blockquote\">\n\t\t\t<p class=\"elementor-blockquote__content\">\n\t\t\t\t\"A travers elle, je prends le temps de dire et de chanter la tristesse au fond de moi,\nde ces femmes et de ces enfants morts en dedans, du temps qui passe,\nde l'enfant dont je n'accoucherai pas,\nde l'enfant que je veux rester,\nde la beaut\u00e9 des ombres et de la lumi\u00e8re qui m'accompagnent... \"\t\t\t<\/p>\n\t\t\t\t\t\t\t<div class=\"e-q-footer\">\n\t\t\t\t\t\t\t\t\t\t\t<cite class=\"elementor-blockquote__author\">Didier Monge<\/cite>\n\t\t\t\t\t\t\t\t\t\t\t\t\t\t<\/div>\n\t\t\t\t\t<\/blockquote>\n\t\t\t\t\t\t<\/div>\n\t\t\t\t<\/div>\n\t\t\t\t\t<\/div>\n\t\t<\/div>\n\t\t\t\t\t<\/div>\n\t\t<\/section>\n\t\t\t\t<section class=\"elementor-section elementor-top-section elementor-element elementor-element-22a696b elementor-section-boxed elementor-section-height-default elementor-section-height-default jltma-glass-effect-no\" data-id=\"22a696b\" data-element_type=\"section\" data-e-type=\"section\">\n\t\t\t\t\t\t<div class=\"elementor-container elementor-column-gap-default\">\n\t\t\t\t\t<div class=\"elementor-column elementor-col-100 elementor-top-column elementor-element elementor-element-cee5609 jltma-glass-effect-no\" data-id=\"cee5609\" data-element_type=\"column\" data-e-type=\"column\">\n\t\t\t<div class=\"elementor-widget-wrap elementor-element-populated\">\n\t\t\t\t\t\t<div class=\"elementor-element elementor-element-5bdf597 elementor-widget-divider--view-line jltma-glass-effect-no elementor-widget elementor-widget-divider\" data-id=\"5bdf597\" data-element_type=\"widget\" data-e-type=\"widget\" data-widget_type=\"divider.default\">\n\t\t\t\t<div class=\"elementor-widget-container\">\n\t\t\t\t\t\t\t<div class=\"elementor-divider\">\n\t\t\t<span class=\"elementor-divider-separator\">\n\t\t\t\t\t\t<\/span>\n\t\t<\/div>\n\t\t\t\t\t\t<\/div>\n\t\t\t\t<\/div>\n\t\t\t\t\t<\/div>\n\t\t<\/div>\n\t\t\t\t\t<\/div>\n\t\t<\/section>\n\t\t\t\t<section class=\"elementor-section elementor-top-section elementor-element elementor-element-0c0782a elementor-section-boxed elementor-section-height-default elementor-section-height-default jltma-glass-effect-no\" data-id=\"0c0782a\" data-element_type=\"section\" data-e-type=\"section\">\n\t\t\t\t\t\t<div class=\"elementor-container elementor-column-gap-default\">\n\t\t\t\t\t<div class=\"elementor-column elementor-col-100 elementor-top-column elementor-element elementor-element-52a8c8f jltma-glass-effect-no\" data-id=\"52a8c8f\" data-element_type=\"column\" data-e-type=\"column\">\n\t\t\t<div class=\"elementor-widget-wrap elementor-element-populated\">\n\t\t\t\t\t\t<div class=\"elementor-element elementor-element-cde42c9 jltma-glass-effect-no elementor-widget elementor-widget-video\" data-id=\"cde42c9\" data-element_type=\"widget\" data-e-type=\"widget\" data-settings=\"{&quot;youtube_url&quot;:&quot;https:\\\/\\\/youtu.be\\\/mX9HA_CDoXw&quot;,&quot;video_type&quot;:&quot;youtube&quot;,&quot;controls&quot;:&quot;yes&quot;}\" data-widget_type=\"video.default\">\n\t\t\t\t<div class=\"elementor-widget-container\">\n\t\t\t\t\t\t\t<div class=\"elementor-wrapper elementor-open-inline\">\n\t\t\t<div class=\"elementor-video\"><\/div>\t\t<\/div>\n\t\t\t\t\t\t<\/div>\n\t\t\t\t<\/div>\n\t\t\t\t<div class=\"elementor-element elementor-element-155b486 jltma-glass-effect-no elementor-widget elementor-widget-video\" data-id=\"155b486\" data-element_type=\"widget\" data-e-type=\"widget\" data-settings=\"{&quot;youtube_url&quot;:&quot;https:\\\/\\\/youtu.be\\\/YFjlKoQm_R0&quot;,&quot;video_type&quot;:&quot;youtube&quot;,&quot;controls&quot;:&quot;yes&quot;}\" data-widget_type=\"video.default\">\n\t\t\t\t<div class=\"elementor-widget-container\">\n\t\t\t\t\t\t\t<div class=\"elementor-wrapper elementor-open-inline\">\n\t\t\t<div class=\"elementor-video\"><\/div>\t\t<\/div>\n\t\t\t\t\t\t<\/div>\n\t\t\t\t<\/div>\n\t\t\t\t\t<\/div>\n\t\t<\/div>\n\t\t\t\t\t<\/div>\n\t\t<\/section>\n\t\t\t\t<section class=\"elementor-section elementor-top-section elementor-element elementor-element-c89d188 elementor-section-boxed elementor-section-height-default elementor-section-height-default jltma-glass-effect-no\" data-id=\"c89d188\" data-element_type=\"section\" data-e-type=\"section\">\n\t\t\t\t\t\t<div class=\"elementor-container elementor-column-gap-default\">\n\t\t\t\t\t<div class=\"elementor-column elementor-col-100 elementor-top-column elementor-element elementor-element-f09ac10 jltma-glass-effect-no\" data-id=\"f09ac10\" data-element_type=\"column\" data-e-type=\"column\">\n\t\t\t<div class=\"elementor-widget-wrap elementor-element-populated\">\n\t\t\t\t\t\t<div class=\"elementor-element elementor-element-bffed9f jltma-glass-effect-no elementor-widget elementor-widget-heading\" data-id=\"bffed9f\" data-element_type=\"widget\" data-e-type=\"widget\" data-widget_type=\"heading.default\">\n\t\t\t\t<div class=\"elementor-widget-container\">\n\t\t\t\t\t<h2 class=\"elementor-heading-title elementor-size-default\">La Sibylle selon Didier Monge<\/h2>\t\t\t\t<\/div>\n\t\t\t\t<\/div>\n\t\t\t\t<div class=\"elementor-element elementor-element-d037a19 jltma-glass-effect-no elementor-widget elementor-widget-heading\" data-id=\"d037a19\" data-element_type=\"widget\" data-e-type=\"widget\" data-widget_type=\"heading.default\">\n\t\t\t\t<div class=\"elementor-widget-container\">\n\t\t\t\t\t<h2 class=\"elementor-heading-title elementor-size-default\">Enrique Pardo<\/h2>\t\t\t\t<\/div>\n\t\t\t\t<\/div>\n\t\t\t\t<div class=\"elementor-element elementor-element-946f01c jltma-glass-effect-no elementor-widget elementor-widget-text-editor\" data-id=\"946f01c\" data-element_type=\"widget\" data-e-type=\"widget\" data-widget_type=\"text-editor.default\">\n\t\t\t\t<div class=\"elementor-widget-container\">\n\t\t\t\t\t\t\t\t\t<p><strong>Didier Monge nous fait d\u00e9couvrir deux voix exceptionnelles. La sienne, d\u2019abord, magnifique de lyrisme et d\u2019amplitude, glissant de l\u2019ang\u00e9lique au s\u00e9pulcral,<\/strong><\/p><p>Il y a, dans le propos de <strong>Didier Monge<\/strong>, une grande justesse et une grande justice; il y a de la rage, parfois d\u00e9chirante, mais pond\u00e9r\u00e9e par des m\u00e9lancolies chant\u00e9es et des r\u00eaveries visuelles, tr\u00e8s belles et, j\u2019ajouterais, n\u00e9cessaires : la performance a comme fond panoramique des projections d\u2019images et de vid\u00e9os de paysages oc\u00e9aniques qui enveloppent et dissolvent sa pr\u00e9sence solitaire sur sc\u00e8ne, accompagn\u00e9e, souvent, de son ombre port\u00e9e sur le fond des images. Tous les \u00e9quilibres sont tr\u00e8s bien dos\u00e9s, entre musique et visuel, entre paroles, \u00e9chos et silences. Jamais le discours politique ne devient agressif envers le public (souvent le p\u00e9ch\u00e9 de spectacles militants) ou didactique. On peut d\u2019ailleurs passer \u00e0 c\u00f4t\u00e9 du propos, et de la Sibylle, comme une belle promenade entre la mer et le cimeti\u00e8re de ces voix f\u00e9minines. On peut d\u2019ailleurs visiter un site dit l\u2019Antre de la <strong>Sibylle, \u00e0 Cumes<\/strong>, pr\u00e8s de Naples, et comprendre la part des \u00e9chos al\u00e9atoires et des dissonnances dans la musique sybilline, et avec le bruit des vagues au pied de la colline.<\/p><p>Compliments \u00e0 <strong>Linda Wise<\/strong> pour la limpidit\u00e9 et l\u2019\u00e9l\u00e9gance de la mise en sc\u00e8ne, mais surtout pour la direction d\u2019acteur et pour les \u00e9quilibres entre discours, musique et \u00e9motion. Compliments \u00e0 <strong>Didier Monge<\/strong>, photographe, vid\u00e9aste et virtuose du <span class=\"s2\">one-man<\/span> technique sur sc\u00e8ne.<\/p><p><a href=\"https:\/\/pantheatre.com\/-\/f-enrique-pardo\/\"><span class=\"s3\">Enrique <\/span><span class=\"s3\">Pardo<\/span><\/a><span class=\"s3\">, performer, metteur en sc\u00e8ne, essayiste. Co-directeur de <\/span><a href=\"http:\/\/pantheatre.com\"><span class=\"s3\">Panth\u00e9\u00e2tre<\/span><\/a><span class=\"s3\"> avec <a href=\"https:\/\/pantheatre.com\/-\/f-linda-wise\/\">Linda Wise<\/a><\/span><\/p><p><span class=\"s4\">son blog :\u00a0 <\/span><a href=\"https:\/\/enriquepanblog.wordpress.com\/\"><span class=\"s4\">https:\/\/enriquepanblog.wordpress.com\/<\/span><\/a><span class=\"s3\">\u00a0<\/span><\/p><p><span class=\"s3\">Site de Pantheatre :\u00a0 <\/span><a href=\"http:\/\/pantheatre.com\/\"><span class=\"s4\">pantheatre.com<\/span><\/a><\/p>\t\t\t\t\t\t\t\t<\/div>\n\t\t\t\t<\/div>\n\t\t\t\t\t<\/div>\n\t\t<\/div>\n\t\t\t\t\t<\/div>\n\t\t<\/section>\n\t\t\t\t<section class=\"elementor-section elementor-top-section elementor-element elementor-element-67034579 elementor-section-boxed elementor-section-height-default elementor-section-height-default jltma-glass-effect-no\" data-id=\"67034579\" data-element_type=\"section\" data-e-type=\"section\">\n\t\t\t\t\t\t<div class=\"elementor-container elementor-column-gap-default\">\n\t\t\t\t\t<div class=\"elementor-column elementor-col-100 elementor-top-column elementor-element elementor-element-6bfaacfe jltma-glass-effect-no\" data-id=\"6bfaacfe\" data-element_type=\"column\" data-e-type=\"column\">\n\t\t\t<div class=\"elementor-widget-wrap elementor-element-populated\">\n\t\t\t\t\t\t<div class=\"elementor-element elementor-element-1460e9db animated-slow jltma-glass-effect-no elementor-invisible elementor-widget elementor-widget-theme-site-logo elementor-widget-image\" data-id=\"1460e9db\" data-element_type=\"widget\" data-e-type=\"widget\" data-settings=\"{&quot;_animation&quot;:&quot;rotateIn&quot;}\" data-widget_type=\"theme-site-logo.default\">\n\t\t\t\t<div class=\"elementor-widget-container\">\n\t\t\t\t\t\t\t\t\t\t\t<a href=\"https:\/\/lalathings.com\/-\/Home\">\n\t\t\t<img decoding=\"async\" src=\"https:\/\/lalathings.com\/-\/wp-content\/uploads\/elementor\/thumbs\/logo-gris-bababa-100x-100-nefcm1eaub1h373kuifpdgxcv8ellvkruvyhpow47s.png\" title=\"logo gris bababa 100x 100\" alt=\"logo gris bababa 100x 100\" loading=\"lazy\" \/>\t\t\t\t<\/a>\n\t\t\t\t\t\t\t\t\t\t\t<\/div>\n\t\t\t\t<\/div>\n\t\t\t\t\t<\/div>\n\t\t<\/div>\n\t\t\t\t\t<\/div>\n\t\t<\/section>\n\t\t\t\t<\/div>\n\t\t","protected":false},"excerpt":{"rendered":"<p>La Voix et la Sibylle Seul en sc\u00e8ne de Didier MongePremi\u00e8re le mercredi 23 juin 2021 \u00e0 Mal\u00e9rargues, pendant le Festival Mythe et Th\u00e9\u00e2treMise en sc\u00e8ne : Linda WiseAide \u00e0 la cr\u00e9ation : H\u00e9l\u00e8ne Larrod\u00e9Oeil ext\u00e9rieur : Enrique PardoTextes emprunt\u00e9s \u00e0\u00a0 : Louise Garcia-joly &#8211; Ad\u00e9la\u00efde Bon &#8211; Waris Dirie &#8211; Paola Daniele &#8211; Rupi [&hellip;]<\/p>\n","protected":false},"author":1,"featured_media":0,"parent":0,"menu_order":0,"comment_status":"closed","ping_status":"closed","template":"","meta":{"footnotes":""},"class_list":["post-2328","page","type-page","status-publish","hentry"],"_links":{"self":[{"href":"https:\/\/lalathings.com\/-\/Home\/wp-json\/wp\/v2\/pages\/2328","targetHints":{"allow":["GET"]}}],"collection":[{"href":"https:\/\/lalathings.com\/-\/Home\/wp-json\/wp\/v2\/pages"}],"about":[{"href":"https:\/\/lalathings.com\/-\/Home\/wp-json\/wp\/v2\/types\/page"}],"author":[{"embeddable":true,"href":"https:\/\/lalathings.com\/-\/Home\/wp-json\/wp\/v2\/users\/1"}],"replies":[{"embeddable":true,"href":"https:\/\/lalathings.com\/-\/Home\/wp-json\/wp\/v2\/comments?post=2328"}],"version-history":[{"count":115,"href":"https:\/\/lalathings.com\/-\/Home\/wp-json\/wp\/v2\/pages\/2328\/revisions"}],"predecessor-version":[{"id":3967,"href":"https:\/\/lalathings.com\/-\/Home\/wp-json\/wp\/v2\/pages\/2328\/revisions\/3967"}],"wp:attachment":[{"href":"https:\/\/lalathings.com\/-\/Home\/wp-json\/wp\/v2\/media?parent=2328"}],"curies":[{"name":"wp","href":"https:\/\/api.w.org\/{rel}","templated":true}]}}