{"id":2701,"date":"2023-09-02T21:56:43","date_gmt":"2023-09-02T19:56:43","guid":{"rendered":"https:\/\/lalathings.com\/-\/Home\/?page_id=2701"},"modified":"2025-10-05T21:09:09","modified_gmt":"2025-10-05T19:09:09","slug":"atelier-de-creation-de-chansons","status":"publish","type":"page","link":"https:\/\/lalathings.com\/-\/Home\/atelier-de-creation-de-chansons\/","title":{"rendered":"Atelier de cr\u00e9ation de chanson"},"content":{"rendered":"\t\t<div data-elementor-type=\"wp-page\" data-elementor-id=\"2701\" class=\"elementor elementor-2701\" data-elementor-post-type=\"page\">\n\t\t\t\t\t\t<section class=\"elementor-section elementor-top-section elementor-element elementor-element-30fffa8 elementor-section-boxed elementor-section-height-default elementor-section-height-default jltma-glass-effect-no\" data-id=\"30fffa8\" data-element_type=\"section\" data-e-type=\"section\">\n\t\t\t\t\t\t<div class=\"elementor-container elementor-column-gap-default\">\n\t\t\t\t\t<div class=\"elementor-column elementor-col-100 elementor-top-column elementor-element elementor-element-77d6f42 jltma-glass-effect-no\" data-id=\"77d6f42\" data-element_type=\"column\" data-e-type=\"column\">\n\t\t\t<div class=\"elementor-widget-wrap elementor-element-populated\">\n\t\t\t\t\t\t<div class=\"elementor-element elementor-element-3194d80 jltma-glass-effect-no elementor-widget elementor-widget-heading\" data-id=\"3194d80\" data-element_type=\"widget\" data-e-type=\"widget\" data-widget_type=\"heading.default\">\n\t\t\t\t<div class=\"elementor-widget-container\">\n\t\t\t\t\t<h2 class=\"elementor-heading-title elementor-size-default\">Atelier de Cr\u00e9ation de Chanson<\/h2>\t\t\t\t<\/div>\n\t\t\t\t<\/div>\n\t\t\t\t\t<\/div>\n\t\t<\/div>\n\t\t\t\t\t<\/div>\n\t\t<\/section>\n\t\t\t\t<section class=\"elementor-section elementor-top-section elementor-element elementor-element-db42b96 elementor-section-boxed elementor-section-height-default elementor-section-height-default jltma-glass-effect-no\" data-id=\"db42b96\" data-element_type=\"section\" data-e-type=\"section\">\n\t\t\t\t\t\t<div class=\"elementor-container elementor-column-gap-default\">\n\t\t\t\t\t<div class=\"elementor-column elementor-col-100 elementor-top-column elementor-element elementor-element-aa19dd5 jltma-glass-effect-no\" data-id=\"aa19dd5\" data-element_type=\"column\" data-e-type=\"column\">\n\t\t\t<div class=\"elementor-widget-wrap elementor-element-populated\">\n\t\t\t\t\t\t<div class=\"elementor-element elementor-element-92d3707 jltma-glass-effect-no elementor-widget elementor-widget-heading\" data-id=\"92d3707\" data-element_type=\"widget\" data-e-type=\"widget\" data-widget_type=\"heading.default\">\n\t\t\t\t<div class=\"elementor-widget-container\">\n\t\t\t\t\t<h2 class=\"elementor-heading-title elementor-size-default\">Aide \u00e0 la composition et \u00e0 la cr\u00e9ation d'une chanson<\/h2>\t\t\t\t<\/div>\n\t\t\t\t<\/div>\n\t\t\t\t\t<\/div>\n\t\t<\/div>\n\t\t\t\t\t<\/div>\n\t\t<\/section>\n\t\t\t\t<section class=\"elementor-section elementor-top-section elementor-element elementor-element-35ad649 elementor-section-boxed elementor-section-height-default elementor-section-height-default jltma-glass-effect-no\" data-id=\"35ad649\" data-element_type=\"section\" data-e-type=\"section\">\n\t\t\t\t\t\t<div class=\"elementor-container elementor-column-gap-default\">\n\t\t\t\t\t<div class=\"elementor-column elementor-col-100 elementor-top-column elementor-element elementor-element-eabddd7 jltma-glass-effect-no\" data-id=\"eabddd7\" data-element_type=\"column\" data-e-type=\"column\">\n\t\t\t<div class=\"elementor-widget-wrap elementor-element-populated\">\n\t\t\t\t\t\t<div class=\"elementor-element elementor-element-c150bda elementor-widget-divider--view-line jltma-glass-effect-no elementor-widget elementor-widget-divider\" data-id=\"c150bda\" data-element_type=\"widget\" data-e-type=\"widget\" data-widget_type=\"divider.default\">\n\t\t\t\t<div class=\"elementor-widget-container\">\n\t\t\t\t\t\t\t<div class=\"elementor-divider\">\n\t\t\t<span class=\"elementor-divider-separator\">\n\t\t\t\t\t\t<\/span>\n\t\t<\/div>\n\t\t\t\t\t\t<\/div>\n\t\t\t\t<\/div>\n\t\t\t\t<div class=\"elementor-element elementor-element-f6597bc jltma-glass-effect-no elementor-widget elementor-widget-image\" data-id=\"f6597bc\" data-element_type=\"widget\" data-e-type=\"widget\" data-widget_type=\"image.default\">\n\t\t\t\t<div class=\"elementor-widget-container\">\n\t\t\t\t\t\t\t\t\t\t\t\t\t\t\t<img fetchpriority=\"high\" decoding=\"async\" width=\"2560\" height=\"678\" src=\"https:\/\/lalathings.com\/-\/wp-content\/uploads\/2025\/10\/main-scaled.jpg\" class=\"attachment-full size-full wp-image-3474\" alt=\"\" srcset=\"https:\/\/lalathings.com\/-\/wp-content\/uploads\/2025\/10\/main-scaled.jpg 2560w, https:\/\/lalathings.com\/-\/wp-content\/uploads\/2025\/10\/main-1536x407.jpg 1536w, https:\/\/lalathings.com\/-\/wp-content\/uploads\/2025\/10\/main-2048x543.jpg 2048w\" sizes=\"(max-width: 2560px) 100vw, 2560px\" \/>\t\t\t\t\t\t\t\t\t\t\t\t\t\t\t<\/div>\n\t\t\t\t<\/div>\n\t\t\t\t\t<\/div>\n\t\t<\/div>\n\t\t\t\t\t<\/div>\n\t\t<\/section>\n\t\t\t\t<section class=\"elementor-section elementor-top-section elementor-element elementor-element-2d463f3 elementor-section-boxed elementor-section-height-default elementor-section-height-default jltma-glass-effect-no\" data-id=\"2d463f3\" data-element_type=\"section\" data-e-type=\"section\">\n\t\t\t\t\t\t<div class=\"elementor-container elementor-column-gap-default\">\n\t\t\t\t\t<div class=\"elementor-column elementor-col-100 elementor-top-column elementor-element elementor-element-56123e7 jltma-glass-effect-no\" data-id=\"56123e7\" data-element_type=\"column\" data-e-type=\"column\">\n\t\t\t<div class=\"elementor-widget-wrap elementor-element-populated\">\n\t\t\t\t\t\t<div class=\"elementor-element elementor-element-c8a8d27 elementor-widget__width-initial jltma-glass-effect-no elementor-widget elementor-widget-heading\" data-id=\"c8a8d27\" data-element_type=\"widget\" data-e-type=\"widget\" data-widget_type=\"heading.default\">\n\t\t\t\t<div class=\"elementor-widget-container\">\n\t\t\t\t\t<h2 class=\"elementor-heading-title elementor-size-default\">Bienvenue dans l'atelier de cr\u00e9ation de chanson, un lieu o\u00f9 les mots se transforment en m\u00e9lodie, o\u00f9 les \u00e9motions prennent forme et o\u00f9 les histoires prennent vie \u00e0 travers la musique. Dans cet espace cr\u00e9atif, je vous invite \u00e0 explorer le processus fascinant de la composition musicale.<\/h2>\t\t\t\t<\/div>\n\t\t\t\t<\/div>\n\t\t\t\t<div class=\"elementor-element elementor-element-95a5bea elementor-widget-divider--view-line jltma-glass-effect-no elementor-widget elementor-widget-divider\" data-id=\"95a5bea\" data-element_type=\"widget\" data-e-type=\"widget\" data-widget_type=\"divider.default\">\n\t\t\t\t<div class=\"elementor-widget-container\">\n\t\t\t\t\t\t\t<div class=\"elementor-divider\">\n\t\t\t<span class=\"elementor-divider-separator\">\n\t\t\t\t\t\t<\/span>\n\t\t<\/div>\n\t\t\t\t\t\t<\/div>\n\t\t\t\t<\/div>\n\t\t\t\t\t<\/div>\n\t\t<\/div>\n\t\t\t\t\t<\/div>\n\t\t<\/section>\n\t\t\t\t<section class=\"elementor-section elementor-top-section elementor-element elementor-element-816cc2c elementor-section-boxed elementor-section-height-default elementor-section-height-default jltma-glass-effect-no\" data-id=\"816cc2c\" data-element_type=\"section\" data-e-type=\"section\">\n\t\t\t\t\t\t<div class=\"elementor-container elementor-column-gap-default\">\n\t\t\t\t\t<div class=\"elementor-column elementor-col-50 elementor-top-column elementor-element elementor-element-a027966 jltma-glass-effect-no\" data-id=\"a027966\" data-element_type=\"column\" data-e-type=\"column\">\n\t\t\t<div class=\"elementor-widget-wrap elementor-element-populated\">\n\t\t\t\t\t\t<div class=\"elementor-element elementor-element-b7b2eba jltma-glass-effect-no elementor-widget elementor-widget-text-editor\" data-id=\"b7b2eba\" data-element_type=\"widget\" data-e-type=\"widget\" data-widget_type=\"text-editor.default\">\n\t\t\t\t<div class=\"elementor-widget-container\">\n\t\t\t\t\t\t\t\t\t<p><strong>Peu importe votre exp\u00e9rience<\/strong> ou votre <strong>niveau de comp\u00e9tence<\/strong>, vous \u00eates les bienvenu.e.s pour participer \u00e0 cette <strong>aventure musicale<\/strong>.<br \/><br \/>La premi\u00e8re \u00e9tape de notre voyage consiste \u00e0 trouver <strong>l&rsquo;inspiration<\/strong>. Elle peut surgir de n&rsquo;importe o\u00f9 : une histoire personnelle, une \u00e9motion intense, un \u00e9v\u00e9nement marquant ou simplement une belle journ\u00e9e ensoleill\u00e9e. Dans ces s\u00e9ances je vous encouragerai \u00e0 observer le monde qui vous entoure, \u00e0 \u00e9couter attentivement, \u00e0 ressentir profond\u00e9ment et \u00e0 <strong>capturer des moments d&rsquo;inspiration.<\/strong><\/p><p>Les mots sont la pierre angulaire de toute chanson, alors prenez le temps d&rsquo;\u00e9crire des paroles qui r\u00e9sonnent avec votre exp\u00e9rience et votre message. N&rsquo;ayez pas peur d&rsquo;explorer diff\u00e9rentes m\u00e9taphores, de jouer avec les mots et de <strong>cr\u00e9er des images po\u00e9tiques<\/strong>.<br \/><br \/><\/p><p>Ensuite, nous passerons \u00e0 la musique. Que vous soyez un virtuose de la guitare, un ma\u00eetre du piano ou simplement un amateur de m\u00e9lodies,<strong> nous chercherons ensemble les accords pour accompagner votre m\u00e9lodie<\/strong> et je vous envoie des fichiers d&rsquo;accompagnement piano pour vous aider \u00e0 la cr\u00e9ation.<\/p><p>Enfin, une chanson n&rsquo;est jamais vraiment termin\u00e9e. Vous pouvez toujours revenir en arri\u00e8re, la peaufiner, l&rsquo;am\u00e9liorer ou m\u00eame la r\u00e9inventer. Vous entrer dans un espace o\u00f9 la cr\u00e9ativit\u00e9 est sans limites, o\u00f9 chaque id\u00e9e est pr\u00e9cieuse et o\u00f9 c<strong>haque m\u00e9lodie peut devenir votre chef-d&rsquo;\u0153uvre<\/strong>.<br \/><br \/><\/p><p>Alors, que vous soyez un compositeur chevronn\u00e9 ou un d\u00e9butant enthousiaste, n&rsquo;h\u00e9sitez pas \u00e0 r\u00e9server un cr\u00e9neau de travail. Je vous accompagne pour que vos r\u00eaves musicaux prennent forme et vous <strong>d\u00e9couvrez le pouvoir de la musique pour raconter vos histoires et toucher les c\u0153urs<\/strong>.<br \/><br \/><\/p><p>L&rsquo;enregistrement \u00e9tant une \u00e9tape cruciale dans le processus. Vous pourrez l&rsquo;enregistrer avec votre smartphone ou bien si vous le souhaitez je vous propose de cr\u00e9er des arrangements plus \u00e9labor\u00e9s, en ajoutant des instruments, des harmonies vocales ou des effets sonores pour donner \u00e0 votre chanson une texture unique.<\/p>\t\t\t\t\t\t\t\t<\/div>\n\t\t\t\t<\/div>\n\t\t\t\t\t<\/div>\n\t\t<\/div>\n\t\t\t\t<div class=\"elementor-column elementor-col-50 elementor-top-column elementor-element elementor-element-9a8de78 jltma-glass-effect-no\" data-id=\"9a8de78\" data-element_type=\"column\" data-e-type=\"column\">\n\t\t\t<div class=\"elementor-widget-wrap elementor-element-populated\">\n\t\t\t\t\t\t<div class=\"elementor-element elementor-element-c4779c5 jltma-glass-effect-no elementor-widget elementor-widget-heading\" data-id=\"c4779c5\" data-element_type=\"widget\" data-e-type=\"widget\" data-widget_type=\"heading.default\">\n\t\t\t\t<div class=\"elementor-widget-container\">\n\t\t\t\t\t<h2 class=\"elementor-heading-title elementor-size-default\">Comment proc\u00e9der<\/h2>\t\t\t\t<\/div>\n\t\t\t\t<\/div>\n\t\t\t\t<div class=\"elementor-element elementor-element-7ecdb3d jltma-glass-effect-no elementor-widget elementor-widget-text-editor\" data-id=\"7ecdb3d\" data-element_type=\"widget\" data-e-type=\"widget\" data-widget_type=\"text-editor.default\">\n\t\t\t\t<div class=\"elementor-widget-container\">\n\t\t\t\t\t\t\t\t\t<p><strong>Dur\u00e9e<\/strong>s : au choix et en visio conf\u00e9rence par zoom ou whatsapp<\/p>\n<p><strong>Tarifs<\/strong> accompagnement \u00e0 la cr\u00e9ation :&nbsp;<\/p>\n<p>1 heure : 40\u20ac<\/p>\n<p>1\/2 heure : 20 \u20ac<\/p>\n<p><\/p>\n<p><strong>R\u00e9servations&nbsp; <\/strong>: d.monge@free.fr ou 06 76 55 36 80<\/p>\n<p><\/p>\n<p>Tarif arrangements et enregistrement pro : sur devis<br><\/p>\t\t\t\t\t\t\t\t<\/div>\n\t\t\t\t<\/div>\n\t\t\t\t<div class=\"elementor-element elementor-element-6b91ebb jltma-glass-effect-no elementor-widget elementor-widget-text-editor\" data-id=\"6b91ebb\" data-element_type=\"widget\" data-e-type=\"widget\" data-widget_type=\"text-editor.default\">\n\t\t\t\t<div class=\"elementor-widget-container\">\n\t\t\t\t\t\t\t\t\t<p><strong>R\u00e9servations\u00a0 <\/strong>: d.monge@free.fr ou 06 76 55 36 80<\/p><p>\u00a0<\/p>\t\t\t\t\t\t\t\t<\/div>\n\t\t\t\t<\/div>\n\t\t\t\t\t<\/div>\n\t\t<\/div>\n\t\t\t\t\t<\/div>\n\t\t<\/section>\n\t\t\t\t<section class=\"elementor-section elementor-top-section elementor-element elementor-element-42e37e3 elementor-section-boxed elementor-section-height-default elementor-section-height-default jltma-glass-effect-no\" data-id=\"42e37e3\" data-element_type=\"section\" data-e-type=\"section\">\n\t\t\t\t\t\t<div class=\"elementor-container elementor-column-gap-default\">\n\t\t\t\t\t<div class=\"elementor-column elementor-col-100 elementor-top-column elementor-element elementor-element-020955c jltma-glass-effect-no\" data-id=\"020955c\" data-element_type=\"column\" data-e-type=\"column\">\n\t\t\t<div class=\"elementor-widget-wrap elementor-element-populated\">\n\t\t\t\t\t\t<div class=\"elementor-element elementor-element-a6ba9b3 jltma-glass-effect-no elementor-widget elementor-widget-spacer\" data-id=\"a6ba9b3\" data-element_type=\"widget\" data-e-type=\"widget\" data-widget_type=\"spacer.default\">\n\t\t\t\t<div class=\"elementor-widget-container\">\n\t\t\t\t\t\t\t<div class=\"elementor-spacer\">\n\t\t\t<div class=\"elementor-spacer-inner\"><\/div>\n\t\t<\/div>\n\t\t\t\t\t\t<\/div>\n\t\t\t\t<\/div>\n\t\t\t\t\t<\/div>\n\t\t<\/div>\n\t\t\t\t\t<\/div>\n\t\t<\/section>\n\t\t\t\t<section class=\"elementor-section elementor-top-section elementor-element elementor-element-f54832f elementor-section-boxed elementor-section-height-default elementor-section-height-default jltma-glass-effect-no\" data-id=\"f54832f\" data-element_type=\"section\" data-e-type=\"section\">\n\t\t\t\t\t\t<div class=\"elementor-container elementor-column-gap-default\">\n\t\t\t\t\t<div class=\"elementor-column elementor-col-100 elementor-top-column elementor-element elementor-element-1ddb04e jltma-glass-effect-no\" data-id=\"1ddb04e\" data-element_type=\"column\" data-e-type=\"column\">\n\t\t\t<div class=\"elementor-widget-wrap elementor-element-populated\">\n\t\t\t\t\t\t<div class=\"elementor-element elementor-element-cee39fe jltma-glass-effect-no elementor-widget elementor-widget-audio\" data-id=\"cee39fe\" data-element_type=\"widget\" data-e-type=\"widget\" data-widget_type=\"audio.default\">\n\t\t\t\t<div class=\"elementor-widget-container\">\n\t\t\t\t\t\t\t\t<div class=\"elementor-soundcloud-wrapper\">\n\t\t\t\t<iframe width=\"940\" height=\"450\" frameborder=\"no\" src=\"https:\/\/w.soundcloud.com\/player\/?visual=false&#038;url=https%3A%2F%2Fapi.soundcloud.com%2Fplaylists%2F1688924562&#038;show_artwork=true&#038;maxheight=1000&#038;maxwidth=940&#038;auto_play=false&#038;buying=true&#038;liking=true&#038;download=true&#038;sharing=true&#038;show_comments=true&#038;show_playcount=true&#038;show_user=true&#038;color\"><\/iframe>\t\t\t<\/div>\n\t\t\t\t\t\t\t<\/div>\n\t\t\t\t<\/div>\n\t\t\t\t\t<\/div>\n\t\t<\/div>\n\t\t\t\t\t<\/div>\n\t\t<\/section>\n\t\t\t\t<\/div>\n\t\t","protected":false},"excerpt":{"rendered":"<p>Atelier de Cr\u00e9ation de Chanson Aide \u00e0 la composition et \u00e0 la cr\u00e9ation d&rsquo;une chanson Bienvenue dans l&rsquo;atelier de cr\u00e9ation de chanson, un lieu o\u00f9 les mots se transforment en m\u00e9lodie, o\u00f9 les \u00e9motions prennent forme et o\u00f9 les histoires prennent vie \u00e0 travers la musique. Dans cet espace cr\u00e9atif, je vous invite \u00e0 explorer [&hellip;]<\/p>\n","protected":false},"author":1,"featured_media":0,"parent":0,"menu_order":0,"comment_status":"closed","ping_status":"closed","template":"","meta":{"footnotes":""},"class_list":["post-2701","page","type-page","status-publish","hentry"],"_links":{"self":[{"href":"https:\/\/lalathings.com\/-\/Home\/wp-json\/wp\/v2\/pages\/2701","targetHints":{"allow":["GET"]}}],"collection":[{"href":"https:\/\/lalathings.com\/-\/Home\/wp-json\/wp\/v2\/pages"}],"about":[{"href":"https:\/\/lalathings.com\/-\/Home\/wp-json\/wp\/v2\/types\/page"}],"author":[{"embeddable":true,"href":"https:\/\/lalathings.com\/-\/Home\/wp-json\/wp\/v2\/users\/1"}],"replies":[{"embeddable":true,"href":"https:\/\/lalathings.com\/-\/Home\/wp-json\/wp\/v2\/comments?post=2701"}],"version-history":[{"count":45,"href":"https:\/\/lalathings.com\/-\/Home\/wp-json\/wp\/v2\/pages\/2701\/revisions"}],"predecessor-version":[{"id":3772,"href":"https:\/\/lalathings.com\/-\/Home\/wp-json\/wp\/v2\/pages\/2701\/revisions\/3772"}],"wp:attachment":[{"href":"https:\/\/lalathings.com\/-\/Home\/wp-json\/wp\/v2\/media?parent=2701"}],"curies":[{"name":"wp","href":"https:\/\/api.w.org\/{rel}","templated":true}]}}