{"id":3920,"date":"2025-11-26T18:54:15","date_gmt":"2025-11-26T17:54:15","guid":{"rendered":"https:\/\/lalathings.com\/-\/Home\/?page_id=3920"},"modified":"2025-11-30T17:44:03","modified_gmt":"2025-11-30T16:44:03","slug":"cours-de-technique-vocale","status":"publish","type":"page","link":"https:\/\/lalathings.com\/-\/Home\/cours-de-technique-vocale\/","title":{"rendered":"Cours de Technique Vocale"},"content":{"rendered":"\t\t<div data-elementor-type=\"wp-page\" data-elementor-id=\"3920\" class=\"elementor elementor-3920\" data-elementor-post-type=\"page\">\n\t\t\t\t\t\t<section class=\"elementor-section elementor-top-section elementor-element elementor-element-30fffa8 elementor-section-boxed elementor-section-height-default elementor-section-height-default jltma-glass-effect-no\" data-id=\"30fffa8\" data-element_type=\"section\" data-e-type=\"section\">\n\t\t\t\t\t\t<div class=\"elementor-container elementor-column-gap-default\">\n\t\t\t\t\t<div class=\"elementor-column elementor-col-100 elementor-top-column elementor-element elementor-element-77d6f42 jltma-glass-effect-no\" data-id=\"77d6f42\" data-element_type=\"column\" data-e-type=\"column\">\n\t\t\t<div class=\"elementor-widget-wrap elementor-element-populated\">\n\t\t\t\t\t\t<div class=\"elementor-element elementor-element-3194d80 jltma-glass-effect-no elementor-widget elementor-widget-heading\" data-id=\"3194d80\" data-element_type=\"widget\" data-e-type=\"widget\" data-widget_type=\"heading.default\">\n\t\t\t\t<div class=\"elementor-widget-container\">\n\t\t\t\t\t<h2 class=\"elementor-heading-title elementor-size-default\">Cours de Technique Vocale\nCoaching Vocal<\/h2>\t\t\t\t<\/div>\n\t\t\t\t<\/div>\n\t\t\t\t\t<\/div>\n\t\t<\/div>\n\t\t\t\t\t<\/div>\n\t\t<\/section>\n\t\t\t\t<section class=\"elementor-section elementor-top-section elementor-element elementor-element-db42b96 elementor-section-boxed elementor-section-height-default elementor-section-height-default jltma-glass-effect-no\" data-id=\"db42b96\" data-element_type=\"section\" data-e-type=\"section\">\n\t\t\t\t\t\t<div class=\"elementor-container elementor-column-gap-default\">\n\t\t\t\t\t<div class=\"elementor-column elementor-col-100 elementor-top-column elementor-element elementor-element-aa19dd5 jltma-glass-effect-no\" data-id=\"aa19dd5\" data-element_type=\"column\" data-e-type=\"column\">\n\t\t\t<div class=\"elementor-widget-wrap elementor-element-populated\">\n\t\t\t\t\t\t\t<\/div>\n\t\t<\/div>\n\t\t\t\t\t<\/div>\n\t\t<\/section>\n\t\t\t\t<section class=\"elementor-section elementor-top-section elementor-element elementor-element-35ad649 elementor-section-boxed elementor-section-height-default elementor-section-height-default jltma-glass-effect-no\" data-id=\"35ad649\" data-element_type=\"section\" data-e-type=\"section\">\n\t\t\t\t\t\t<div class=\"elementor-container elementor-column-gap-default\">\n\t\t\t\t\t<div class=\"elementor-column elementor-col-100 elementor-top-column elementor-element elementor-element-eabddd7 jltma-glass-effect-no\" data-id=\"eabddd7\" data-element_type=\"column\" data-e-type=\"column\">\n\t\t\t<div class=\"elementor-widget-wrap elementor-element-populated\">\n\t\t\t\t\t\t<div class=\"elementor-element elementor-element-755b74a elementor-widget-divider--view-line jltma-glass-effect-no elementor-widget elementor-widget-divider\" data-id=\"755b74a\" data-element_type=\"widget\" data-e-type=\"widget\" data-widget_type=\"divider.default\">\n\t\t\t\t<div class=\"elementor-widget-container\">\n\t\t\t\t\t\t\t<div class=\"elementor-divider\">\n\t\t\t<span class=\"elementor-divider-separator\">\n\t\t\t\t\t\t<\/span>\n\t\t<\/div>\n\t\t\t\t\t\t<\/div>\n\t\t\t\t<\/div>\n\t\t\t\t\t<\/div>\n\t\t<\/div>\n\t\t\t\t\t<\/div>\n\t\t<\/section>\n\t\t\t\t<section class=\"elementor-section elementor-top-section elementor-element elementor-element-816cc2c elementor-section-boxed elementor-section-height-default elementor-section-height-default jltma-glass-effect-no\" data-id=\"816cc2c\" data-element_type=\"section\" data-e-type=\"section\">\n\t\t\t\t\t\t<div class=\"elementor-container elementor-column-gap-default\">\n\t\t\t\t\t<div class=\"elementor-column elementor-col-50 elementor-top-column elementor-element elementor-element-a027966 jltma-glass-effect-no\" data-id=\"a027966\" data-element_type=\"column\" data-e-type=\"column\">\n\t\t\t<div class=\"elementor-widget-wrap elementor-element-populated\">\n\t\t\t\t\t\t<div class=\"elementor-element elementor-element-45cd036 jltma-glass-effect-no elementor-widget elementor-widget-heading\" data-id=\"45cd036\" data-element_type=\"widget\" data-e-type=\"widget\" data-widget_type=\"heading.default\">\n\t\t\t\t<div class=\"elementor-widget-container\">\n\t\t\t\t\t<h2 class=\"elementor-heading-title elementor-size-default\">Cours de Voix D\u00e9butants et Avanc\u00e9s<\/h2>\t\t\t\t<\/div>\n\t\t\t\t<\/div>\n\t\t\t\t<div class=\"elementor-element elementor-element-b7b2eba jltma-glass-effect-no elementor-widget elementor-widget-text-editor\" data-id=\"b7b2eba\" data-element_type=\"widget\" data-e-type=\"widget\" data-widget_type=\"text-editor.default\">\n\t\t\t\t<div class=\"elementor-widget-container\">\n\t\t\t\t\t\t\t\t\t<p data-start=\"177\" data-end=\"322\"><strong>Tu as envie de chanter, de d\u00e9couvrir ta voix ou d\u2019approfondir ta technique ? Ce cours s\u2019adapte \u00e0 ton niveau, que tu sois d\u00e9butant ou d\u00e9j\u00e0 avanc\u00e9.<br \/><br \/><\/strong><\/p><p data-start=\"324\" data-end=\"348\"><strong data-start=\"324\" data-end=\"346\">Ce qu\u2019il te faut :<\/strong><\/p><ul data-start=\"349\" data-end=\"441\"><li data-start=\"349\" data-end=\"395\"><p data-start=\"351\" data-end=\"395\">Ta voix, ton envie et un peu de curiosit\u00e9.<\/p><\/li><li data-start=\"396\" data-end=\"441\"><p data-start=\"398\" data-end=\"441\">De l\u2019eau et un espace calme pour pratiquer.<\/p><\/li><\/ul><p data-start=\"443\" data-end=\"693\"><strong data-start=\"443\" data-end=\"467\">Pour les d\u00e9butants :<\/strong><br data-start=\"467\" data-end=\"470\" \/>Tu apprendras \u00e0 respirer correctement, \u00e9chauffer et prot\u00e9ger ta voix, trouver ton placement vocal et gagner en confiance et en expressivit\u00e9.<br \/><br data-start=\"610\" data-end=\"613\" \/><strong data-start=\"613\" data-end=\"627\">Objectif :<\/strong> d\u00e9couvrir ta voix, progresser simplement et chanter avec plaisir.<\/p><p data-start=\"695\" data-end=\"951\"><strong data-start=\"695\" data-end=\"717\"><br \/>Pour les avanc\u00e9s :<\/strong><br data-start=\"717\" data-end=\"720\" \/>Tu travailleras les techniques vocales avanc\u00e9es, la gestion du souffle, les nuances, l\u2019interpr\u00e9tation et la pr\u00e9sence sc\u00e9nique.<br \/><br data-start=\"846\" data-end=\"849\" \/><strong data-start=\"849\" data-end=\"863\">Objectif :<\/strong> affiner ta technique, \u00e9largir tes capacit\u00e9s vocales et d\u00e9velopper ton style artistique.<\/p>\t\t\t\t\t\t\t\t<\/div>\n\t\t\t\t<\/div>\n\t\t\t\t\t<\/div>\n\t\t<\/div>\n\t\t\t\t<div class=\"elementor-column elementor-col-50 elementor-top-column elementor-element elementor-element-db5305e jltma-glass-effect-no\" data-id=\"db5305e\" data-element_type=\"column\" data-e-type=\"column\">\n\t\t\t<div class=\"elementor-widget-wrap elementor-element-populated\">\n\t\t\t\t\t\t<div class=\"elementor-element elementor-element-2dadf75 jltma-glass-effect-no elementor-widget elementor-widget-heading\" data-id=\"2dadf75\" data-element_type=\"widget\" data-e-type=\"widget\" data-widget_type=\"heading.default\">\n\t\t\t\t<div class=\"elementor-widget-container\">\n\t\t\t\t\t<h2 class=\"elementor-heading-title elementor-size-default\">Comment proc\u00e9der ? <\/h2>\t\t\t\t<\/div>\n\t\t\t\t<\/div>\n\t\t\t\t<div class=\"elementor-element elementor-element-e27dc6e jltma-glass-effect-no elementor-widget elementor-widget-text-editor\" data-id=\"e27dc6e\" data-element_type=\"widget\" data-e-type=\"widget\" data-widget_type=\"text-editor.default\">\n\t\t\t\t<div class=\"elementor-widget-container\">\n\t\t\t\t\t\t\t\t\t<p><br \/>Appelle ou envoie ta demande par mail pour \u00e9changer sur tes besoins.<\/p>\t\t\t\t\t\t\t\t<\/div>\n\t\t\t\t<\/div>\n\t\t\t\t<div class=\"elementor-element elementor-element-1f1ea71 jltma-glass-effect-no elementor-widget elementor-widget-text-editor\" data-id=\"1f1ea71\" data-element_type=\"widget\" data-e-type=\"widget\" data-widget_type=\"text-editor.default\">\n\t\t\t\t<div class=\"elementor-widget-container\">\n\t\t\t\t\t\t\t\t\t<p><strong>Dur\u00e9e<\/strong>s : au choix<\/p><p><strong>Lieu<\/strong> : Sur Paris, \u00e0 Nanterre, Nanterre ou \u00e0 ton domicile (si tu as un clavier ou un piano)<\/p><p><strong>Tarif<\/strong>\u00a0: par personne<\/p><p>1 h de cours &#8211; 60\u20ac\u00a0<\/p><p>2h de cours &#8211; 100\u20ac<\/p><p><strong>R\u00e9servations\u00a0 <\/strong>: d.monge@free.fr ou 06 76 55 36 80<\/p>\t\t\t\t\t\t\t\t<\/div>\n\t\t\t\t<\/div>\n\t\t\t\t\t<\/div>\n\t\t<\/div>\n\t\t\t\t\t<\/div>\n\t\t<\/section>\n\t\t\t\t<section class=\"elementor-section elementor-top-section elementor-element elementor-element-8b8ff1e elementor-section-boxed elementor-section-height-default elementor-section-height-default jltma-glass-effect-no\" data-id=\"8b8ff1e\" data-element_type=\"section\" data-e-type=\"section\">\n\t\t\t\t\t\t<div class=\"elementor-container elementor-column-gap-default\">\n\t\t\t\t\t<div class=\"elementor-column elementor-col-100 elementor-top-column elementor-element elementor-element-7b3ecfb jltma-glass-effect-no\" data-id=\"7b3ecfb\" data-element_type=\"column\" data-e-type=\"column\">\n\t\t\t<div class=\"elementor-widget-wrap elementor-element-populated\">\n\t\t\t\t\t\t<div class=\"elementor-element elementor-element-4ba50b9 elementor-widget-divider--view-line jltma-glass-effect-no elementor-widget elementor-widget-divider\" data-id=\"4ba50b9\" data-element_type=\"widget\" data-e-type=\"widget\" data-widget_type=\"divider.default\">\n\t\t\t\t<div class=\"elementor-widget-container\">\n\t\t\t\t\t\t\t<div class=\"elementor-divider\">\n\t\t\t<span class=\"elementor-divider-separator\">\n\t\t\t\t\t\t<\/span>\n\t\t<\/div>\n\t\t\t\t\t\t<\/div>\n\t\t\t\t<\/div>\n\t\t\t\t\t<\/div>\n\t\t<\/div>\n\t\t\t\t\t<\/div>\n\t\t<\/section>\n\t\t\t\t<section class=\"elementor-section elementor-top-section elementor-element elementor-element-0cd075b elementor-section-boxed elementor-section-height-default elementor-section-height-default jltma-glass-effect-no\" data-id=\"0cd075b\" data-element_type=\"section\" data-e-type=\"section\">\n\t\t\t\t\t\t<div class=\"elementor-container elementor-column-gap-default\">\n\t\t\t\t\t<div class=\"elementor-column elementor-col-50 elementor-top-column elementor-element elementor-element-4c2f159 jltma-glass-effect-no\" data-id=\"4c2f159\" data-element_type=\"column\" data-e-type=\"column\">\n\t\t\t<div class=\"elementor-widget-wrap elementor-element-populated\">\n\t\t\t\t\t\t<div class=\"elementor-element elementor-element-e65d8b8 jltma-glass-effect-no elementor-widget elementor-widget-heading\" data-id=\"e65d8b8\" data-element_type=\"widget\" data-e-type=\"widget\" data-widget_type=\"heading.default\">\n\t\t\t\t<div class=\"elementor-widget-container\">\n\t\t\t\t\t<h2 class=\"elementor-heading-title elementor-size-default\">Cours de Voix en Ecole de Th\u00e9\u00e2tre<\/h2>\t\t\t\t<\/div>\n\t\t\t\t<\/div>\n\t\t\t\t<div class=\"elementor-element elementor-element-09c4b54 jltma-glass-effect-no elementor-widget elementor-widget-text-editor\" data-id=\"09c4b54\" data-element_type=\"widget\" data-e-type=\"widget\" data-widget_type=\"text-editor.default\">\n\t\t\t\t<div class=\"elementor-widget-container\">\n\t\t\t\t\t\t\t\t\t<p data-start=\"241\" data-end=\"453\">Avec 8 ans d\u2019exp\u00e9rience comme professeur de technique vocale en \u00e9coles de th\u00e9\u00e2tre (\u00c9cole du Jeu, Aberratio), je propose un travail complet autour de la voix, de l\u2019expressivit\u00e9 et de la cr\u00e9ativit\u00e9 des interpr\u00e8tes.<\/p><p><strong data-start=\"455\" data-end=\"478\">Contenus des cours :<\/strong><\/p><p>\u00a0<\/p><ul data-start=\"481\" data-end=\"931\"><li><strong data-start=\"614\" data-end=\"639\">\u00c9chauffements vocaux adapt\u00e9s<\/strong> aux besoins du com\u00e9dien<\/li><li><strong data-start=\"737\" data-end=\"753\">Travail de diction et articulation<\/strong>, pr\u00e9cision et clart\u00e9 du langage<\/li><li data-start=\"481\" data-end=\"550\">Exploration et d\u00e9veloppement des <strong data-start=\"516\" data-end=\"548\">registres \u00e9tendus de la voix<\/strong><\/li><li data-start=\"481\" data-end=\"550\"><p data-start=\"483\" data-end=\"550\"><strong data-start=\"553\" data-end=\"589\">Composition vocale de personnage<\/strong> et recherches sonores<\/p><\/li><li data-start=\"551\" data-end=\"611\"><p data-start=\"553\" data-end=\"611\">Travail de <strong data-start=\"679\" data-end=\"700\">l\u2019intimit\u00e9 vocale<\/strong>, des \u00e9motions et de la pr\u00e9sence vocale<\/p><\/li><li data-start=\"612\" data-end=\"665\"><p data-start=\"614\" data-end=\"665\">Exercices d\u2019<strong data-start=\"802\" data-end=\"824\">exploration vocale<\/strong> et d\u2019exp\u00e9rimentation<\/p><\/li><li data-start=\"666\" data-end=\"734\"><p data-start=\"668\" data-end=\"734\"><strong data-start=\"850\" data-end=\"885\">Improvisation vocale <\/strong>Piano\/Voix<\/p><\/li><li data-start=\"735\" data-end=\"787\"><p data-start=\"737\" data-end=\"787\">D\u00e9veloppement de la <strong data-start=\"910\" data-end=\"931\">cr\u00e9ativit\u00e9 vocale<\/strong><\/p><\/li><li data-start=\"788\" data-end=\"847\"><p data-start=\"790\" data-end=\"847\">Cr\u00e9ation de <strong>spectacles Vocaux<\/strong><\/p><\/li><\/ul><p data-start=\"933\" data-end=\"1050\"><strong data-start=\"933\" data-end=\"945\">Format :<\/strong><br data-start=\"945\" data-end=\"948\" \/>Cours en groupe, jusqu\u2019\u00e0 <strong data-start=\"973\" data-end=\"989\">25 personnes<\/strong>, adapt\u00e9s au niveau et aux besoins de la formation th\u00e9\u00e2trale.<\/p>\t\t\t\t\t\t\t\t<\/div>\n\t\t\t\t<\/div>\n\t\t\t\t\t<\/div>\n\t\t<\/div>\n\t\t\t\t<div class=\"elementor-column elementor-col-50 elementor-top-column elementor-element elementor-element-6a0b676 jltma-glass-effect-no\" data-id=\"6a0b676\" data-element_type=\"column\" data-e-type=\"column\">\n\t\t\t<div class=\"elementor-widget-wrap elementor-element-populated\">\n\t\t\t\t\t\t<div class=\"elementor-element elementor-element-01592c7 jltma-glass-effect-no elementor-widget elementor-widget-heading\" data-id=\"01592c7\" data-element_type=\"widget\" data-e-type=\"widget\" data-widget_type=\"heading.default\">\n\t\t\t\t<div class=\"elementor-widget-container\">\n\t\t\t\t\t<h2 class=\"elementor-heading-title elementor-size-default\">Devis sur Demande<\/h2>\t\t\t\t<\/div>\n\t\t\t\t<\/div>\n\t\t\t\t<div class=\"elementor-element elementor-element-e51d639 jltma-glass-effect-no elementor-widget elementor-widget-text-editor\" data-id=\"e51d639\" data-element_type=\"widget\" data-e-type=\"widget\" data-widget_type=\"text-editor.default\">\n\t\t\t\t<div class=\"elementor-widget-container\">\n\t\t\t\t\t\t\t\t\t<p>Merci d&rsquo;appeler ou de faire une demande par t\u00e9l\u00e9phone afin d&rsquo;\u00e9changer sur vos besoins.<\/p>\t\t\t\t\t\t\t\t<\/div>\n\t\t\t\t<\/div>\n\t\t\t\t<div class=\"elementor-element elementor-element-9c88f98 jltma-glass-effect-no elementor-widget elementor-widget-text-editor\" data-id=\"9c88f98\" data-element_type=\"widget\" data-e-type=\"widget\" data-widget_type=\"text-editor.default\">\n\t\t\t\t<div class=\"elementor-widget-container\">\n\t\t\t\t\t\t\t\t\t<p><strong>Dur\u00e9e<\/strong>s : selon besoins<\/p><p><strong>Lieu<\/strong> : Sur Paris<br \/><br \/><\/p><p><strong>Tarif<\/strong>\u00a0:\u00a0<\/p><p>60\u20ac de l&rsquo;heure TTC<br \/><br \/><\/p><p><strong>Contact\u00a0\u00a0<\/strong>: d.monge@free.fr ou 06 76 55 36 80<\/p>\t\t\t\t\t\t\t\t<\/div>\n\t\t\t\t<\/div>\n\t\t\t\t\t<\/div>\n\t\t<\/div>\n\t\t\t\t\t<\/div>\n\t\t<\/section>\n\t\t\t\t<section class=\"elementor-section elementor-top-section elementor-element elementor-element-27f3293 elementor-section-boxed elementor-section-height-default elementor-section-height-default jltma-glass-effect-no\" data-id=\"27f3293\" data-element_type=\"section\" data-e-type=\"section\">\n\t\t\t\t\t\t<div class=\"elementor-container elementor-column-gap-default\">\n\t\t\t\t\t<div class=\"elementor-column elementor-col-100 elementor-top-column elementor-element elementor-element-5b3351b jltma-glass-effect-no\" data-id=\"5b3351b\" data-element_type=\"column\" data-e-type=\"column\">\n\t\t\t<div class=\"elementor-widget-wrap elementor-element-populated\">\n\t\t\t\t\t\t<div class=\"elementor-element elementor-element-c85fbcb jltma-glass-effect-no elementor-widget elementor-widget-spacer\" data-id=\"c85fbcb\" data-element_type=\"widget\" data-e-type=\"widget\" data-widget_type=\"spacer.default\">\n\t\t\t\t<div class=\"elementor-widget-container\">\n\t\t\t\t\t\t\t<div class=\"elementor-spacer\">\n\t\t\t<div class=\"elementor-spacer-inner\"><\/div>\n\t\t<\/div>\n\t\t\t\t\t\t<\/div>\n\t\t\t\t<\/div>\n\t\t\t\t\t<\/div>\n\t\t<\/div>\n\t\t\t\t\t<\/div>\n\t\t<\/section>\n\t\t\t\t<\/div>\n\t\t","protected":false},"excerpt":{"rendered":"<p>Cours de Technique Vocale Coaching Vocal Cours de Voix D\u00e9butants et Avanc\u00e9s Tu as envie de chanter, de d\u00e9couvrir ta voix ou d\u2019approfondir ta technique ? Ce cours s\u2019adapte \u00e0 ton niveau, que tu sois d\u00e9butant ou d\u00e9j\u00e0 avanc\u00e9. Ce qu\u2019il te faut : Ta voix, ton envie et un peu de curiosit\u00e9. De l\u2019eau [&hellip;]<\/p>\n","protected":false},"author":1,"featured_media":0,"parent":0,"menu_order":0,"comment_status":"closed","ping_status":"closed","template":"","meta":{"footnotes":""},"class_list":["post-3920","page","type-page","status-publish","hentry"],"_links":{"self":[{"href":"https:\/\/lalathings.com\/-\/Home\/wp-json\/wp\/v2\/pages\/3920","targetHints":{"allow":["GET"]}}],"collection":[{"href":"https:\/\/lalathings.com\/-\/Home\/wp-json\/wp\/v2\/pages"}],"about":[{"href":"https:\/\/lalathings.com\/-\/Home\/wp-json\/wp\/v2\/types\/page"}],"author":[{"embeddable":true,"href":"https:\/\/lalathings.com\/-\/Home\/wp-json\/wp\/v2\/users\/1"}],"replies":[{"embeddable":true,"href":"https:\/\/lalathings.com\/-\/Home\/wp-json\/wp\/v2\/comments?post=3920"}],"version-history":[{"count":13,"href":"https:\/\/lalathings.com\/-\/Home\/wp-json\/wp\/v2\/pages\/3920\/revisions"}],"predecessor-version":[{"id":3936,"href":"https:\/\/lalathings.com\/-\/Home\/wp-json\/wp\/v2\/pages\/3920\/revisions\/3936"}],"wp:attachment":[{"href":"https:\/\/lalathings.com\/-\/Home\/wp-json\/wp\/v2\/media?parent=3920"}],"curies":[{"name":"wp","href":"https:\/\/api.w.org\/{rel}","templated":true}]}}